{"id":4472,"date":"2025-10-09T11:18:34","date_gmt":"2025-10-09T11:18:34","guid":{"rendered":"https:\/\/media-germany.com\/?post_type=product&#038;p=4472"},"modified":"2025-10-14T07:34:16","modified_gmt":"2025-10-14T07:34:16","slug":"ensemble-de-valises-rigides-extensibles","status":"publish","type":"product","link":"https:\/\/media-germany.com\/fr\/produit\/ensemble-de-valises-rigides-extensibles\/","title":{"rendered":"Ensemble de Valises Rigides Extensibles"},"content":{"rendered":"<div id=\"ivTitle\" title=\"SHOWKOO Luggage Sets Expandable PC+ABS Durable Suitcase Double Wheels TSA Lock Mint Green\">\n<p data-start=\"322\" data-end=\"672\"><strong>Ensemble de Valises Rigides Extensibles | PC+ABS Ultra R\u00e9sistant avec Double Roues et Serrure TSA<\/strong><\/p>\n<p data-start=\"322\" data-end=\"672\"><strong data-start=\"322\" data-end=\"339\">Description :<\/strong><br data-start=\"339\" data-end=\"342\" \/>L\u2019ensemble allie \u00e9l\u00e9gance, robustesse et confort de d\u00e9placement. Fabriqu\u00e9es en <strong data-start=\"433\" data-end=\"455\">PC+ABS extra-\u00e9pais<\/strong>, ces valises rigides offrent une <strong data-start=\"489\" data-end=\"520\">r\u00e9sistance accrue aux chocs<\/strong> tout en restant <strong data-start=\"537\" data-end=\"560\">l\u00e9g\u00e8res et durables<\/strong>. Leur finition textur\u00e9e pr\u00e9vient les rayures, pour un look toujours impeccable, m\u00eame apr\u00e8s plusieurs voyages.<\/p>\n<p data-start=\"674\" data-end=\"698\"><strong data-start=\"674\" data-end=\"696\">Caract\u00e9ristiques :<\/strong><\/p>\n<ul data-start=\"699\" data-end=\"1855\">\n<li data-start=\"699\" data-end=\"986\">\n<p data-start=\"701\" data-end=\"721\"><strong data-start=\"701\" data-end=\"719\">Set 3 pi\u00e8ces :<\/strong><\/p>\n<ul data-start=\"724\" data-end=\"986\">\n<li data-start=\"724\" data-end=\"791\">\n<p data-start=\"726\" data-end=\"791\"><strong data-start=\"726\" data-end=\"744\">20&#8243; \u2013 Cabine :<\/strong> env. <strong data-start=\"750\" data-end=\"769\">55 \u00d7 23 \u00d7 36 cm<\/strong>, capacit\u00e9 <strong data-start=\"780\" data-end=\"788\">38 L<\/strong>.<\/p>\n<\/li>\n<li data-start=\"794\" data-end=\"889\">\n<p data-start=\"796\" data-end=\"889\"><strong data-start=\"796\" data-end=\"815\">24&#8243; \u2013 Moyenne :<\/strong> env. <strong data-start=\"821\" data-end=\"840\">65 \u00d7 27 \u00d7 43 cm<\/strong>, capacit\u00e9 <strong data-start=\"851\" data-end=\"859\">60 L<\/strong> (extensible jusqu\u2019\u00e0 +20 %).<\/p>\n<\/li>\n<li data-start=\"892\" data-end=\"986\">\n<p data-start=\"894\" data-end=\"986\"><strong data-start=\"894\" data-end=\"912\">28&#8243; \u2013 Grande :<\/strong> env. <strong data-start=\"918\" data-end=\"937\">75 \u00d7 31 \u00d7 49 cm<\/strong>, capacit\u00e9 <strong data-start=\"948\" data-end=\"956\">93 L<\/strong> (extensible jusqu\u2019\u00e0 +20 %).<\/p>\n<\/li>\n<\/ul>\n<\/li>\n<li data-start=\"988\" data-end=\"1124\">\n<p data-start=\"990\" data-end=\"1124\"><strong data-start=\"990\" data-end=\"1019\">Mat\u00e9riaux haut de gamme :<\/strong> coque en <strong data-start=\"1029\" data-end=\"1041\">PC + ABS<\/strong> ultra-\u00e9paisse, l\u00e9g\u00e8re et r\u00e9sistante aux impacts. Finition textur\u00e9e anti-rayures.<\/p>\n<\/li>\n<li data-start=\"1125\" data-end=\"1289\">\n<p data-start=\"1127\" data-end=\"1289\"><strong data-start=\"1127\" data-end=\"1153\">Mobilit\u00e9 silencieuse :<\/strong> <strong data-start=\"1154\" data-end=\"1189\">roues doubles pivotantes \u00e0 360\u00b0<\/strong>, fabriqu\u00e9es en <strong data-start=\"1205\" data-end=\"1219\">TPU souple<\/strong> avec roulements lubrifi\u00e9s pour un d\u00e9placement fluide et sans bruit.<\/p>\n<\/li>\n<li data-start=\"1290\" data-end=\"1413\">\n<p data-start=\"1292\" data-end=\"1413\"><strong data-start=\"1292\" data-end=\"1315\">R\u00e9sistance test\u00e9e :<\/strong> chaque valise a pass\u00e9 les tests de chute et d\u2019endurance (40 km de marche avec 15 kg \u00e0 10 km\/h).<\/p>\n<\/li>\n<li data-start=\"1414\" data-end=\"1661\">\n<p data-start=\"1416\" data-end=\"1445\"><strong data-start=\"1416\" data-end=\"1443\">Confort d\u2019utilisation :<\/strong><\/p>\n<ul data-start=\"1448\" data-end=\"1661\">\n<li data-start=\"1448\" data-end=\"1525\">\n<p data-start=\"1450\" data-end=\"1525\"><strong data-start=\"1450\" data-end=\"1474\">Poign\u00e9e t\u00e9lescopique<\/strong> en aluminium \u00e0 3 niveaux, stable et ergonomique.<\/p>\n<\/li>\n<li data-start=\"1528\" data-end=\"1661\">\n<p data-start=\"1530\" data-end=\"1661\">Poign\u00e9es lat\u00e9rale et sup\u00e9rieure renforc\u00e9es avec patins en caoutchouc pour prot\u00e9ger les doigts et \u00e9viter les fissures de la coque.<\/p>\n<\/li>\n<\/ul>\n<\/li>\n<li data-start=\"1662\" data-end=\"1774\">\n<p data-start=\"1664\" data-end=\"1774\"><strong data-start=\"1664\" data-end=\"1688\">S\u00e9curit\u00e9 renforc\u00e9e :<\/strong> serrure <strong data-start=\"1697\" data-end=\"1713\">TSA int\u00e9gr\u00e9e<\/strong>, homologu\u00e9e pour les contr\u00f4les de s\u00e9curit\u00e9 a\u00e9roportuaires.<\/p>\n<\/li>\n<li data-start=\"1775\" data-end=\"1855\">\n<p data-start=\"1777\" data-end=\"1855\"><strong data-start=\"1777\" data-end=\"1797\">Design moderne :<\/strong> coloris <strong data-start=\"1806\" data-end=\"1821\">vert menthe<\/strong>, \u00e0 la fois \u00e9l\u00e9gant et original.<\/p>\n<\/li>\n<\/ul>\n<\/div>\n<div id=\"ivVariationSelection\"><\/div>","protected":false},"excerpt":{"rendered":"<p>Ensemble de Valises Rigides Extensibles | PC+ABS Ultra R\u00e9sistant avec Double Roues et Serrure TSA Description :L\u2019ensemble allie \u00e9l\u00e9gance, robustesse et confort de d\u00e9placement. Fabriqu\u00e9es en PC+ABS extra-\u00e9pais, ces valises rigides offrent une r\u00e9sistance accrue aux chocs tout en restant l\u00e9g\u00e8res et durables. Leur finition textur\u00e9e pr\u00e9vient les rayures, pour un look toujours impeccable, m\u00eame apr\u00e8s plusieurs voyages. Caract\u00e9ristiques : Set 3 pi\u00e8ces : 20&#8243; \u2013 Cabine : env. 55 \u00d7 23 \u00d7 36 cm, capacit\u00e9 38 L. 24&#8243; \u2013 Moyenne : env. 65 \u00d7 27 \u00d7 43 cm, capacit\u00e9 60 L (extensible jusqu\u2019\u00e0 +20 %). 28&#8243; \u2013 Grande : env. 75 \u00d7 31 \u00d7 49 cm, capacit\u00e9 93 L (extensible jusqu\u2019\u00e0 +20 %). Mat\u00e9riaux haut de gamme : coque en PC + ABS ultra-\u00e9paisse, l\u00e9g\u00e8re et r\u00e9sistante aux impacts. Finition textur\u00e9e anti-rayures. Mobilit\u00e9 silencieuse : roues doubles pivotantes \u00e0 360\u00b0, fabriqu\u00e9es en TPU souple avec roulements lubrifi\u00e9s pour un d\u00e9placement fluide et sans bruit. R\u00e9sistance test\u00e9e : chaque valise a pass\u00e9 les tests de chute et d\u2019endurance (40 km de marche avec 15 kg \u00e0 10 km\/h). Confort d\u2019utilisation : Poign\u00e9e t\u00e9lescopique en aluminium \u00e0 3 niveaux, stable et ergonomique. Poign\u00e9es lat\u00e9rale et sup\u00e9rieure renforc\u00e9es avec patins en caoutchouc pour prot\u00e9ger les doigts et \u00e9viter les fissures de la coque. S\u00e9curit\u00e9 renforc\u00e9e : serrure TSA int\u00e9gr\u00e9e, homologu\u00e9e pour les contr\u00f4les de s\u00e9curit\u00e9 a\u00e9roportuaires. Design moderne : coloris vert menthe, \u00e0 la fois \u00e9l\u00e9gant et original.<\/p>","protected":false},"featured_media":4476,"comment_status":"open","ping_status":"closed","template":"","meta":{"_uag_custom_page_level_css":"","neve_meta_sidebar":"","neve_meta_container":"","neve_meta_enable_content_width":"off","neve_meta_content_width":100,"neve_meta_title_alignment":"","neve_meta_author_avatar":"","neve_post_elements_order":"","neve_meta_disable_header":"","neve_meta_disable_footer":"","neve_meta_disable_title":""},"product_brand":[],"product_cat":[40],"product_tag":[],"class_list":{"0":"post-4472","1":"product","2":"type-product","3":"status-publish","4":"has-post-thumbnail","6":"product_cat-sacs-et-bagageries","8":"first","9":"instock","10":"shipping-taxable","11":"purchasable","12":"product-type-simple"},"uagb_featured_image_src":{"full":["https:\/\/media-germany.com\/wp-content\/uploads\/2025\/10\/81wwYRDv4nL._AC_SL1500_.jpg",1500,1329,false],"thumbnail":["https:\/\/media-germany.com\/wp-content\/uploads\/2025\/10\/81wwYRDv4nL._AC_SL1500_-150x150.jpg",150,150,true],"medium":["https:\/\/media-germany.com\/wp-content\/uploads\/2025\/10\/81wwYRDv4nL._AC_SL1500_-300x266.jpg",300,266,true],"medium_large":["https:\/\/media-germany.com\/wp-content\/uploads\/2025\/10\/81wwYRDv4nL._AC_SL1500_-768x680.jpg",768,680,true],"large":["https:\/\/media-germany.com\/wp-content\/uploads\/2025\/10\/81wwYRDv4nL._AC_SL1500_-1024x907.jpg",1024,907,true],"1536x1536":["https:\/\/media-germany.com\/wp-content\/uploads\/2025\/10\/81wwYRDv4nL._AC_SL1500_.jpg",1500,1329,false],"2048x2048":["https:\/\/media-germany.com\/wp-content\/uploads\/2025\/10\/81wwYRDv4nL._AC_SL1500_.jpg",1500,1329,false],"trp-custom-language-flag":["https:\/\/media-germany.com\/wp-content\/uploads\/2025\/10\/81wwYRDv4nL._AC_SL1500_-14x12.jpg",14,12,true],"neve-blog":["https:\/\/media-germany.com\/wp-content\/uploads\/2025\/10\/81wwYRDv4nL._AC_SL1500_-930x620.jpg",930,620,true],"woocommerce_thumbnail":["https:\/\/media-germany.com\/wp-content\/uploads\/2025\/10\/81wwYRDv4nL._AC_SL1500_-300x300.jpg",300,300,true],"woocommerce_single":["https:\/\/media-germany.com\/wp-content\/uploads\/2025\/10\/81wwYRDv4nL._AC_SL1500_-1000x886.jpg",1000,886,true],"woocommerce_gallery_thumbnail":["https:\/\/media-germany.com\/wp-content\/uploads\/2025\/10\/81wwYRDv4nL._AC_SL1500_-100x100.jpg",100,100,true]},"uagb_author_info":{"display_name":"hostinghostinger03@gmail.com","author_link":"https:\/\/media-germany.com\/fr\/author\/"},"uagb_comment_info":0,"uagb_excerpt":"Ensemble de Valises Rigides Extensibles | PC+ABS Ultra R\u00e9sistant avec Double Roues et Serrure TSA Description :L\u2019ensemble allie \u00e9l\u00e9gance, robustesse et confort de d\u00e9placement. Fabriqu\u00e9es en PC+ABS extra-\u00e9pais, ces valises rigides offrent une r\u00e9sistance accrue aux chocs tout en restant l\u00e9g\u00e8res et durables. Leur finition textur\u00e9e pr\u00e9vient les rayures, pour un look toujours impeccable, m\u00eame\u2026","_links":{"self":[{"href":"https:\/\/media-germany.com\/fr\/wp-json\/wp\/v2\/product\/4472","targetHints":{"allow":["GET"]}}],"collection":[{"href":"https:\/\/media-germany.com\/fr\/wp-json\/wp\/v2\/product"}],"about":[{"href":"https:\/\/media-germany.com\/fr\/wp-json\/wp\/v2\/types\/product"}],"replies":[{"embeddable":true,"href":"https:\/\/media-germany.com\/fr\/wp-json\/wp\/v2\/comments?post=4472"}],"version-history":[{"count":3,"href":"https:\/\/media-germany.com\/fr\/wp-json\/wp\/v2\/product\/4472\/revisions"}],"predecessor-version":[{"id":4587,"href":"https:\/\/media-germany.com\/fr\/wp-json\/wp\/v2\/product\/4472\/revisions\/4587"}],"wp:featuredmedia":[{"embeddable":true,"href":"https:\/\/media-germany.com\/fr\/wp-json\/wp\/v2\/media\/4476"}],"wp:attachment":[{"href":"https:\/\/media-germany.com\/fr\/wp-json\/wp\/v2\/media?parent=4472"}],"wp:term":[{"taxonomy":"product_brand","embeddable":true,"href":"https:\/\/media-germany.com\/fr\/wp-json\/wp\/v2\/product_brand?post=4472"},{"taxonomy":"product_cat","embeddable":true,"href":"https:\/\/media-germany.com\/fr\/wp-json\/wp\/v2\/product_cat?post=4472"},{"taxonomy":"product_tag","embeddable":true,"href":"https:\/\/media-germany.com\/fr\/wp-json\/wp\/v2\/product_tag?post=4472"}],"curies":[{"name":"wp","href":"https:\/\/api.w.org\/{rel}","templated":true}]}}