{"id":4463,"date":"2025-10-09T10:56:50","date_gmt":"2025-10-09T10:56:50","guid":{"rendered":"https:\/\/media-germany.com\/?post_type=product&#038;p=4463"},"modified":"2025-10-14T07:38:18","modified_gmt":"2025-10-14T07:38:18","slug":"ensemble-de-valises-rigides-3-pieces","status":"publish","type":"product","link":"https:\/\/media-germany.com\/fr\/produit\/ensemble-de-valises-rigides-3-pieces\/","title":{"rendered":"Ensemble de Valises Rigides 3 Pi\u00e8ces"},"content":{"rendered":"<h3 data-start=\"150\" data-end=\"257\"><strong data-start=\"154\" data-end=\"255\">Ensemble de Valises Rigides 3 Pi\u00e8ces | 20&#8243;, 24&#8243; et 28&#8243; \u2013 L\u00e9g\u00e8res, Durables et \u00c9l\u00e9gantes<\/strong><\/h3>\n<p data-start=\"259\" data-end=\"618\"><strong data-start=\"259\" data-end=\"276\">Description :<\/strong><br data-start=\"276\" data-end=\"279\" \/>Voyagez en toute s\u00e9r\u00e9nit\u00e9 avec le <strong data-start=\"313\" data-end=\"339\">set de valises<\/strong>, compos\u00e9 de trois formats adapt\u00e9s \u00e0 tous vos d\u00e9placements : une valise cabine, une valise moyenne et une grande valise. Con\u00e7ues en <strong data-start=\"471\" data-end=\"502\">ABS rigide haute r\u00e9sistance<\/strong>, elles offrent une excellente protection \u00e0 vos effets personnels tout en conservant un design moderne et raffin\u00e9.<\/p>\n<p data-start=\"620\" data-end=\"644\"><strong data-start=\"620\" data-end=\"642\">Caract\u00e9ristiques :<\/strong><\/p>\n<ul data-start=\"645\" data-end=\"1579\">\n<li data-start=\"645\" data-end=\"946\">\n<p data-start=\"647\" data-end=\"672\"><strong data-start=\"647\" data-end=\"670\">Ensemble 3 pi\u00e8ces :<\/strong><\/p>\n<ul data-start=\"675\" data-end=\"946\">\n<li data-start=\"675\" data-end=\"769\">\n<p data-start=\"677\" data-end=\"769\"><strong data-start=\"677\" data-end=\"704\">20&#8243; (\u2248 55 \u00d7 23 \u00d7 35 cm)<\/strong> \u2013 id\u00e9ale pour les courts s\u00e9jours et conforme au format cabine.<\/p>\n<\/li>\n<li data-start=\"772\" data-end=\"862\">\n<p data-start=\"774\" data-end=\"862\"><strong data-start=\"774\" data-end=\"801\">24&#8243; (\u2248 65 \u00d7 26 \u00d7 41 cm)<\/strong> \u2013 format interm\u00e9diaire pour les voyages de quelques jours.<\/p>\n<\/li>\n<li data-start=\"865\" data-end=\"946\">\n<p data-start=\"867\" data-end=\"946\"><strong data-start=\"867\" data-end=\"894\">28&#8243; (\u2248 75 \u00d7 30 \u00d7 47 cm)<\/strong> \u2013 grande valise spacieuse pour les longs s\u00e9jours.<\/p>\n<\/li>\n<\/ul>\n<\/li>\n<li data-start=\"948\" data-end=\"1100\">\n<p data-start=\"950\" data-end=\"1100\"><strong data-start=\"950\" data-end=\"972\">Mat\u00e9riau robuste :<\/strong> coque en <strong data-start=\"982\" data-end=\"996\">ABS rigide<\/strong> r\u00e9sistante aux chocs et aux rayures, assurant une longue dur\u00e9e de vie m\u00eame apr\u00e8s de nombreux voyages.<\/p>\n<\/li>\n<li data-start=\"1101\" data-end=\"1195\">\n<p data-start=\"1103\" data-end=\"1195\"><strong data-start=\"1103\" data-end=\"1134\">Design \u00e9l\u00e9gant et moderne :<\/strong> surface textur\u00e9e anti-rayures pour un aspect neuf durable.<\/p>\n<\/li>\n<li data-start=\"1196\" data-end=\"1333\">\n<p data-start=\"1198\" data-end=\"1333\"><strong data-start=\"1198\" data-end=\"1219\">Mobilit\u00e9 fluide :<\/strong> quatre <strong data-start=\"1227\" data-end=\"1252\">roues pivotantes 360\u00b0<\/strong> pour une maniabilit\u00e9 sans effort dans les a\u00e9roports, gares ou rues encombr\u00e9es.<\/p>\n<\/li>\n<li data-start=\"1334\" data-end=\"1450\">\n<p data-start=\"1336\" data-end=\"1450\"><strong data-start=\"1336\" data-end=\"1363\">Confort d\u2019utilisation :<\/strong> poign\u00e9es ergonomiques et <strong data-start=\"1389\" data-end=\"1422\">poign\u00e9e t\u00e9lescopique r\u00e9glable<\/strong> pour un transport facile.<\/p>\n<\/li>\n<li data-start=\"1451\" data-end=\"1579\">\n<p data-start=\"1453\" data-end=\"1579\"><strong data-start=\"1453\" data-end=\"1480\">Int\u00e9rieur fonctionnel :<\/strong> doublure compl\u00e8te avec s\u00e9parateurs zipp\u00e9s et sangles de maintien pour une organisation optimale.<\/p>\n<\/li>\n<\/ul>","protected":false},"excerpt":{"rendered":"<p>Ensemble de Valises Rigides 3 Pi\u00e8ces | 20&#8243;, 24&#8243; et 28&#8243; \u2013 L\u00e9g\u00e8res, Durables et \u00c9l\u00e9gantes Description :Voyagez en toute s\u00e9r\u00e9nit\u00e9 avec le set de valises, compos\u00e9 de trois formats adapt\u00e9s \u00e0 tous vos d\u00e9placements : une valise cabine, une valise moyenne et une grande valise. Con\u00e7ues en ABS rigide haute r\u00e9sistance, elles offrent une excellente protection \u00e0 vos effets personnels tout en conservant un design moderne et raffin\u00e9. Caract\u00e9ristiques : Ensemble 3 pi\u00e8ces : 20&#8243; (\u2248 55 \u00d7 23 \u00d7 35 cm) \u2013 id\u00e9ale pour les courts s\u00e9jours et conforme au format cabine. 24&#8243; (\u2248 65 \u00d7 26 \u00d7 41 cm) \u2013 format interm\u00e9diaire pour les voyages de quelques jours. 28&#8243; (\u2248 75 \u00d7 30 \u00d7 47 cm) \u2013 grande valise spacieuse pour les longs s\u00e9jours. Mat\u00e9riau robuste : coque en ABS rigide r\u00e9sistante aux chocs et aux rayures, assurant une longue dur\u00e9e de vie m\u00eame apr\u00e8s de nombreux voyages. Design \u00e9l\u00e9gant et moderne : surface textur\u00e9e anti-rayures pour un aspect neuf durable. Mobilit\u00e9 fluide : quatre roues pivotantes 360\u00b0 pour une maniabilit\u00e9 sans effort dans les a\u00e9roports, gares ou rues encombr\u00e9es. Confort d\u2019utilisation : poign\u00e9es ergonomiques et poign\u00e9e t\u00e9lescopique r\u00e9glable pour un transport facile. Int\u00e9rieur fonctionnel : doublure compl\u00e8te avec s\u00e9parateurs zipp\u00e9s et sangles de maintien pour une organisation optimale.<\/p>","protected":false},"featured_media":4466,"comment_status":"open","ping_status":"closed","template":"","meta":{"_uag_custom_page_level_css":"","neve_meta_sidebar":"","neve_meta_container":"","neve_meta_enable_content_width":"off","neve_meta_content_width":100,"neve_meta_title_alignment":"","neve_meta_author_avatar":"","neve_post_elements_order":"","neve_meta_disable_header":"","neve_meta_disable_footer":"","neve_meta_disable_title":""},"product_brand":[],"product_cat":[40],"product_tag":[],"class_list":{"0":"post-4463","1":"product","2":"type-product","3":"status-publish","4":"has-post-thumbnail","6":"product_cat-sacs-et-bagageries","8":"first","9":"instock","10":"shipping-taxable","11":"purchasable","12":"product-type-simple"},"uagb_featured_image_src":{"full":["https:\/\/media-germany.com\/wp-content\/uploads\/2025\/10\/71lYyns4ZdL._AC_SX679_.jpg",679,599,false],"thumbnail":["https:\/\/media-germany.com\/wp-content\/uploads\/2025\/10\/71lYyns4ZdL._AC_SX679_-150x150.jpg",150,150,true],"medium":["https:\/\/media-germany.com\/wp-content\/uploads\/2025\/10\/71lYyns4ZdL._AC_SX679_-300x265.jpg",300,265,true],"medium_large":["https:\/\/media-germany.com\/wp-content\/uploads\/2025\/10\/71lYyns4ZdL._AC_SX679_.jpg",679,599,false],"large":["https:\/\/media-germany.com\/wp-content\/uploads\/2025\/10\/71lYyns4ZdL._AC_SX679_.jpg",679,599,false],"1536x1536":["https:\/\/media-germany.com\/wp-content\/uploads\/2025\/10\/71lYyns4ZdL._AC_SX679_.jpg",679,599,false],"2048x2048":["https:\/\/media-germany.com\/wp-content\/uploads\/2025\/10\/71lYyns4ZdL._AC_SX679_.jpg",679,599,false],"trp-custom-language-flag":["https:\/\/media-germany.com\/wp-content\/uploads\/2025\/10\/71lYyns4ZdL._AC_SX679_-14x12.jpg",14,12,true],"neve-blog":["https:\/\/media-germany.com\/wp-content\/uploads\/2025\/10\/71lYyns4ZdL._AC_SX679_.jpg",679,599,false],"woocommerce_thumbnail":["https:\/\/media-germany.com\/wp-content\/uploads\/2025\/10\/71lYyns4ZdL._AC_SX679_-300x300.jpg",300,300,true],"woocommerce_single":["https:\/\/media-germany.com\/wp-content\/uploads\/2025\/10\/71lYyns4ZdL._AC_SX679_.jpg",679,599,false],"woocommerce_gallery_thumbnail":["https:\/\/media-germany.com\/wp-content\/uploads\/2025\/10\/71lYyns4ZdL._AC_SX679_-100x100.jpg",100,100,true]},"uagb_author_info":{"display_name":"hostinghostinger03@gmail.com","author_link":"https:\/\/media-germany.com\/fr\/author\/"},"uagb_comment_info":0,"uagb_excerpt":"Ensemble de Valises Rigides 3 Pi\u00e8ces | 20&#8243;, 24&#8243; et 28&#8243; \u2013 L\u00e9g\u00e8res, Durables et \u00c9l\u00e9gantes Description :Voyagez en toute s\u00e9r\u00e9nit\u00e9 avec le set de valises, compos\u00e9 de trois formats adapt\u00e9s \u00e0 tous vos d\u00e9placements : une valise cabine, une valise moyenne et une grande valise. Con\u00e7ues en ABS rigide haute r\u00e9sistance, elles offrent une\u2026","_links":{"self":[{"href":"https:\/\/media-germany.com\/fr\/wp-json\/wp\/v2\/product\/4463","targetHints":{"allow":["GET"]}}],"collection":[{"href":"https:\/\/media-germany.com\/fr\/wp-json\/wp\/v2\/product"}],"about":[{"href":"https:\/\/media-germany.com\/fr\/wp-json\/wp\/v2\/types\/product"}],"replies":[{"embeddable":true,"href":"https:\/\/media-germany.com\/fr\/wp-json\/wp\/v2\/comments?post=4463"}],"version-history":[{"count":4,"href":"https:\/\/media-germany.com\/fr\/wp-json\/wp\/v2\/product\/4463\/revisions"}],"predecessor-version":[{"id":4590,"href":"https:\/\/media-germany.com\/fr\/wp-json\/wp\/v2\/product\/4463\/revisions\/4590"}],"wp:featuredmedia":[{"embeddable":true,"href":"https:\/\/media-germany.com\/fr\/wp-json\/wp\/v2\/media\/4466"}],"wp:attachment":[{"href":"https:\/\/media-germany.com\/fr\/wp-json\/wp\/v2\/media?parent=4463"}],"wp:term":[{"taxonomy":"product_brand","embeddable":true,"href":"https:\/\/media-germany.com\/fr\/wp-json\/wp\/v2\/product_brand?post=4463"},{"taxonomy":"product_cat","embeddable":true,"href":"https:\/\/media-germany.com\/fr\/wp-json\/wp\/v2\/product_cat?post=4463"},{"taxonomy":"product_tag","embeddable":true,"href":"https:\/\/media-germany.com\/fr\/wp-json\/wp\/v2\/product_tag?post=4463"}],"curies":[{"name":"wp","href":"https:\/\/api.w.org\/{rel}","templated":true}]}}