{"id":4448,"date":"2025-10-09T10:11:25","date_gmt":"2025-10-09T10:11:25","guid":{"rendered":"https:\/\/media-germany.com\/?post_type=product&#038;p=4448"},"modified":"2025-10-14T07:45:14","modified_gmt":"2025-10-14T07:45:14","slug":"sac-de-voyage-pliable-avec-roulettes","status":"publish","type":"product","link":"https:\/\/media-germany.com\/fr\/produit\/sac-de-voyage-pliable-avec-roulettes\/","title":{"rendered":"Sac de Voyage Pliable avec Roulettes"},"content":{"rendered":"<h3 data-start=\"147\" data-end=\"241\"><strong data-start=\"151\" data-end=\"239\">Sac de Voyage Pliable avec Roulettes\u00a0<\/strong><\/h3>\n<p data-start=\"243\" data-end=\"606\"><strong data-start=\"243\" data-end=\"260\">Description :<\/strong><br data-start=\"260\" data-end=\"263\" \/>Le sac de voyage <strong data-start=\"280\" data-end=\"313\">Hanke Foldable Rolling Duffel<\/strong> est con\u00e7u pour les voyages n\u00e9cessitant un grand espace de rangement. L\u00e9ger et robuste, il se plie facilement pour un stockage compact lorsqu\u2019il n\u2019est pas utilis\u00e9 et s\u2019agrandit pour offrir un maximum de capacit\u00e9. Id\u00e9al pour les d\u00e9placements familiaux, les d\u00e9m\u00e9nagements ou les longs s\u00e9jours.<\/p>\n<p data-start=\"608\" data-end=\"632\"><strong data-start=\"608\" data-end=\"630\">Caract\u00e9ristiques :<\/strong><\/p>\n<ul data-start=\"633\" data-end=\"1480\">\n<li data-start=\"633\" data-end=\"772\">\n<p data-start=\"635\" data-end=\"772\"><strong data-start=\"635\" data-end=\"658\">Version am\u00e9lior\u00e9e :<\/strong> \u00e9quip\u00e9 de 2 poign\u00e9es lat\u00e9rales, 1 poign\u00e9e arri\u00e8re et 1 poign\u00e9e inf\u00e9rieure pour un transport facile et pratique.<\/p>\n<\/li>\n<li data-start=\"773\" data-end=\"936\">\n<p data-start=\"775\" data-end=\"936\"><strong data-start=\"775\" data-end=\"791\">Extensible :<\/strong> se transforme en bagage moyen de 61 cm (24&#8243;) ou grand de 71 cm (28&#8243;) pour plus d\u2019espace selon vos besoins. Non conforme aux dimensions cabine.<\/p>\n<\/li>\n<li data-start=\"937\" data-end=\"1112\">\n<p data-start=\"939\" data-end=\"1112\"><strong data-start=\"939\" data-end=\"960\">Grande capacit\u00e9 :<\/strong> jusqu\u2019\u00e0 <strong data-start=\"969\" data-end=\"982\">98 litres<\/strong>, avec 2 compartiments : un compartiment principal profond ouvrant par le dessus et une poche avant zipp\u00e9e pour un acc\u00e8s rapide.<\/p>\n<\/li>\n<li data-start=\"1113\" data-end=\"1225\">\n<p data-start=\"1115\" data-end=\"1225\"><strong data-start=\"1115\" data-end=\"1128\">Pliable :<\/strong> se replie en un sac compact de <strong data-start=\"1160\" data-end=\"1179\">48 \u00d7 28 \u00d7 13 cm<\/strong> pour un rangement simple et peu encombrant.<\/p>\n<\/li>\n<li data-start=\"1226\" data-end=\"1335\">\n<p data-start=\"1228\" data-end=\"1335\"><strong data-start=\"1228\" data-end=\"1250\">Mat\u00e9riau durable :<\/strong> polyester premium r\u00e9sistant aux d\u00e9chirures, facile \u00e0 nettoyer et con\u00e7u pour durer.<\/p>\n<\/li>\n<li data-start=\"1336\" data-end=\"1480\">\n<p data-start=\"1338\" data-end=\"1480\"><strong data-start=\"1338\" data-end=\"1354\">Polyvalent :<\/strong> parfait pour les voyages en famille, les d\u00e9m\u00e9nagements, les expatriations ou tout transport n\u00e9cessitant un bagage spacieux.<\/p>\n<\/li>\n<\/ul>","protected":false},"excerpt":{"rendered":"<p>Sac de Voyage Pliable avec Roulettes\u00a0 Description :Le sac de voyage Hanke Foldable Rolling Duffel est con\u00e7u pour les voyages n\u00e9cessitant un grand espace de rangement. L\u00e9ger et robuste, il se plie facilement pour un stockage compact lorsqu\u2019il n\u2019est pas utilis\u00e9 et s\u2019agrandit pour offrir un maximum de capacit\u00e9. Id\u00e9al pour les d\u00e9placements familiaux, les d\u00e9m\u00e9nagements ou les longs s\u00e9jours. Caract\u00e9ristiques : Version am\u00e9lior\u00e9e : \u00e9quip\u00e9 de 2 poign\u00e9es lat\u00e9rales, 1 poign\u00e9e arri\u00e8re et 1 poign\u00e9e inf\u00e9rieure pour un transport facile et pratique. Extensible : se transforme en bagage moyen de 61 cm (24&#8243;) ou grand de 71 cm (28&#8243;) pour plus d\u2019espace selon vos besoins. Non conforme aux dimensions cabine. Grande capacit\u00e9 : jusqu\u2019\u00e0 98 litres, avec 2 compartiments : un compartiment principal profond ouvrant par le dessus et une poche avant zipp\u00e9e pour un acc\u00e8s rapide. Pliable : se replie en un sac compact de 48 \u00d7 28 \u00d7 13 cm pour un rangement simple et peu encombrant. Mat\u00e9riau durable : polyester premium r\u00e9sistant aux d\u00e9chirures, facile \u00e0 nettoyer et con\u00e7u pour durer. Polyvalent : parfait pour les voyages en famille, les d\u00e9m\u00e9nagements, les expatriations ou tout transport n\u00e9cessitant un bagage spacieux.<\/p>","protected":false},"featured_media":4449,"comment_status":"open","ping_status":"closed","template":"","meta":{"_uag_custom_page_level_css":"","neve_meta_sidebar":"","neve_meta_container":"","neve_meta_enable_content_width":"off","neve_meta_content_width":100,"neve_meta_title_alignment":"","neve_meta_author_avatar":"","neve_post_elements_order":"","neve_meta_disable_header":"","neve_meta_disable_footer":"","neve_meta_disable_title":""},"product_brand":[],"product_cat":[40],"product_tag":[],"class_list":{"0":"post-4448","1":"product","2":"type-product","3":"status-publish","4":"has-post-thumbnail","6":"product_cat-sacs-et-bagageries","8":"first","9":"instock","10":"shipping-taxable","11":"purchasable","12":"product-type-simple"},"uagb_featured_image_src":{"full":["https:\/\/media-germany.com\/wp-content\/uploads\/2025\/10\/71HMcMlQbdL._AC_SL1500_.jpg",1292,1500,false],"thumbnail":["https:\/\/media-germany.com\/wp-content\/uploads\/2025\/10\/71HMcMlQbdL._AC_SL1500_-150x150.jpg",150,150,true],"medium":["https:\/\/media-germany.com\/wp-content\/uploads\/2025\/10\/71HMcMlQbdL._AC_SL1500_-258x300.jpg",258,300,true],"medium_large":["https:\/\/media-germany.com\/wp-content\/uploads\/2025\/10\/71HMcMlQbdL._AC_SL1500_-768x892.jpg",768,892,true],"large":["https:\/\/media-germany.com\/wp-content\/uploads\/2025\/10\/71HMcMlQbdL._AC_SL1500_-882x1024.jpg",882,1024,true],"1536x1536":["https:\/\/media-germany.com\/wp-content\/uploads\/2025\/10\/71HMcMlQbdL._AC_SL1500_.jpg",1292,1500,false],"2048x2048":["https:\/\/media-germany.com\/wp-content\/uploads\/2025\/10\/71HMcMlQbdL._AC_SL1500_.jpg",1292,1500,false],"trp-custom-language-flag":["https:\/\/media-germany.com\/wp-content\/uploads\/2025\/10\/71HMcMlQbdL._AC_SL1500_-10x12.jpg",10,12,true],"neve-blog":["https:\/\/media-germany.com\/wp-content\/uploads\/2025\/10\/71HMcMlQbdL._AC_SL1500_-930x620.jpg",930,620,true],"woocommerce_thumbnail":["https:\/\/media-germany.com\/wp-content\/uploads\/2025\/10\/71HMcMlQbdL._AC_SL1500_-300x300.jpg",300,300,true],"woocommerce_single":["https:\/\/media-germany.com\/wp-content\/uploads\/2025\/10\/71HMcMlQbdL._AC_SL1500_-1000x1161.jpg",1000,1161,true],"woocommerce_gallery_thumbnail":["https:\/\/media-germany.com\/wp-content\/uploads\/2025\/10\/71HMcMlQbdL._AC_SL1500_-100x100.jpg",100,100,true]},"uagb_author_info":{"display_name":"hostinghostinger03@gmail.com","author_link":"https:\/\/media-germany.com\/fr\/author\/"},"uagb_comment_info":0,"uagb_excerpt":"Sac de Voyage Pliable avec Roulettes\u00a0 Description :Le sac de voyage Hanke Foldable Rolling Duffel est con\u00e7u pour les voyages n\u00e9cessitant un grand espace de rangement. L\u00e9ger et robuste, il se plie facilement pour un stockage compact lorsqu\u2019il n\u2019est pas utilis\u00e9 et s\u2019agrandit pour offrir un maximum de capacit\u00e9. Id\u00e9al pour les d\u00e9placements familiaux, les\u2026","_links":{"self":[{"href":"https:\/\/media-germany.com\/fr\/wp-json\/wp\/v2\/product\/4448","targetHints":{"allow":["GET"]}}],"collection":[{"href":"https:\/\/media-germany.com\/fr\/wp-json\/wp\/v2\/product"}],"about":[{"href":"https:\/\/media-germany.com\/fr\/wp-json\/wp\/v2\/types\/product"}],"replies":[{"embeddable":true,"href":"https:\/\/media-germany.com\/fr\/wp-json\/wp\/v2\/comments?post=4448"}],"version-history":[{"count":2,"href":"https:\/\/media-germany.com\/fr\/wp-json\/wp\/v2\/product\/4448\/revisions"}],"predecessor-version":[{"id":4598,"href":"https:\/\/media-germany.com\/fr\/wp-json\/wp\/v2\/product\/4448\/revisions\/4598"}],"wp:featuredmedia":[{"embeddable":true,"href":"https:\/\/media-germany.com\/fr\/wp-json\/wp\/v2\/media\/4449"}],"wp:attachment":[{"href":"https:\/\/media-germany.com\/fr\/wp-json\/wp\/v2\/media?parent=4448"}],"wp:term":[{"taxonomy":"product_brand","embeddable":true,"href":"https:\/\/media-germany.com\/fr\/wp-json\/wp\/v2\/product_brand?post=4448"},{"taxonomy":"product_cat","embeddable":true,"href":"https:\/\/media-germany.com\/fr\/wp-json\/wp\/v2\/product_cat?post=4448"},{"taxonomy":"product_tag","embeddable":true,"href":"https:\/\/media-germany.com\/fr\/wp-json\/wp\/v2\/product_tag?post=4448"}],"curies":[{"name":"wp","href":"https:\/\/api.w.org\/{rel}","templated":true}]}}