{"id":4437,"date":"2025-10-09T09:39:53","date_gmt":"2025-10-09T09:39:53","guid":{"rendered":"https:\/\/media-germany.com\/?post_type=product&#038;p=4437"},"modified":"2025-10-14T07:47:27","modified_gmt":"2025-10-14T07:47:27","slug":"sac-de-sport-et-voyage-pour-femme-et-homme","status":"publish","type":"product","link":"https:\/\/media-germany.com\/fr\/produit\/sac-de-sport-et-voyage-pour-femme-et-homme\/","title":{"rendered":"Sac de Sport et Voyage pour Femme et Homme\u00a0"},"content":{"rendered":"<h3 data-start=\"124\" data-end=\"215\"><strong data-start=\"128\" data-end=\"213\">Sac de Sport et Voyage pour Femme et Homme\u00a0<\/strong><\/h3>\n<p data-start=\"217\" data-end=\"587\"><strong data-start=\"217\" data-end=\"234\">Description :<\/strong><br data-start=\"234\" data-end=\"237\" \/>Le sac de sport<strong data-start=\"253\" data-end=\"272\">\u00a0Gym Tote<\/strong> est parfait pour transporter vos \u00e9quipements sportifs, v\u00eatements et accessoires de voyage. Con\u00e7u pour hommes et femmes, il combine <strong data-start=\"404\" data-end=\"423\">grande capacit\u00e9<\/strong>, organisation optimale et r\u00e9sistance gr\u00e2ce \u00e0 son tissu polyester l\u00e9ger et imperm\u00e9able. Id\u00e9al pour la salle de sport, les week-ends ou les activit\u00e9s en plein air.<\/p>\n<p data-start=\"589\" data-end=\"613\"><strong data-start=\"589\" data-end=\"611\">Caract\u00e9ristiques :<\/strong><\/p>\n<ul data-start=\"614\" data-end=\"1412\">\n<li data-start=\"614\" data-end=\"821\">\n<p data-start=\"616\" data-end=\"666\"><strong data-start=\"616\" data-end=\"664\">Grande capacit\u00e9 et compartiments multiples :<\/strong><\/p>\n<ul data-start=\"669\" data-end=\"821\">\n<li data-start=\"669\" data-end=\"765\">\n<p data-start=\"671\" data-end=\"765\">Compartiment principal ouvrant enti\u00e8rement pour un rangement facile et une bonne visibilit\u00e9.<\/p>\n<\/li>\n<li data-start=\"768\" data-end=\"821\">\n<p data-start=\"770\" data-end=\"821\">Poche lat\u00e9rale d\u00e9di\u00e9e pour chaussures ou baskets.<\/p>\n<\/li>\n<\/ul>\n<\/li>\n<li data-start=\"822\" data-end=\"965\">\n<p data-start=\"824\" data-end=\"965\"><strong data-start=\"824\" data-end=\"855\">Confortable \u00e0 transporter :<\/strong> bandouli\u00e8re r\u00e9glable et amovible avec rembourrage antid\u00e9rapant, poign\u00e9es robustes pour un transport facile.<\/p>\n<\/li>\n<li data-start=\"966\" data-end=\"1079\">\n<p data-start=\"968\" data-end=\"1079\"><strong data-start=\"968\" data-end=\"992\">Mat\u00e9riau r\u00e9sistant :<\/strong> polyester sp\u00e9cial l\u00e9ger, durable, anti-rayures et avec rev\u00eatement r\u00e9sistant \u00e0 l\u2019eau.<\/p>\n<\/li>\n<li data-start=\"1080\" data-end=\"1253\">\n<p data-start=\"1082\" data-end=\"1253\"><strong data-start=\"1082\" data-end=\"1098\">Polyvalent :<\/strong> parfait pour le sport, les voyages, le tennis, le basketball, le football, le yoga, la natation, le camping, la randonn\u00e9e ou comme sac cabine\/weekender.<\/p>\n<\/li>\n<li data-start=\"1254\" data-end=\"1412\">\n<p data-start=\"1256\" data-end=\"1412\"><strong data-start=\"1256\" data-end=\"1287\">Dimensions approximatives :<\/strong> <strong data-start=\"1288\" data-end=\"1307\">55 \u00d7 25 \u00d7 30 cm<\/strong> (longueur \u00d7 largeur \u00d7 hauteur), format spacieux pour transporter v\u00eatements, chaussures et accessoires.<\/p>\n<\/li>\n<\/ul>","protected":false},"excerpt":{"rendered":"<p>Sac de Sport et Voyage pour Femme et Homme\u00a0 Description :Le sac de sport\u00a0Gym Tote est parfait pour transporter vos \u00e9quipements sportifs, v\u00eatements et accessoires de voyage. Con\u00e7u pour hommes et femmes, il combine grande capacit\u00e9, organisation optimale et r\u00e9sistance gr\u00e2ce \u00e0 son tissu polyester l\u00e9ger et imperm\u00e9able. Id\u00e9al pour la salle de sport, les week-ends ou les activit\u00e9s en plein air. Caract\u00e9ristiques : Grande capacit\u00e9 et compartiments multiples : Compartiment principal ouvrant enti\u00e8rement pour un rangement facile et une bonne visibilit\u00e9. Poche lat\u00e9rale d\u00e9di\u00e9e pour chaussures ou baskets. Confortable \u00e0 transporter : bandouli\u00e8re r\u00e9glable et amovible avec rembourrage antid\u00e9rapant, poign\u00e9es robustes pour un transport facile. Mat\u00e9riau r\u00e9sistant : polyester sp\u00e9cial l\u00e9ger, durable, anti-rayures et avec rev\u00eatement r\u00e9sistant \u00e0 l\u2019eau. Polyvalent : parfait pour le sport, les voyages, le tennis, le basketball, le football, le yoga, la natation, le camping, la randonn\u00e9e ou comme sac cabine\/weekender. Dimensions approximatives : 55 \u00d7 25 \u00d7 30 cm (longueur \u00d7 largeur \u00d7 hauteur), format spacieux pour transporter v\u00eatements, chaussures et accessoires.<\/p>","protected":false},"featured_media":4440,"comment_status":"open","ping_status":"closed","template":"","meta":{"_uag_custom_page_level_css":"","neve_meta_sidebar":"","neve_meta_container":"","neve_meta_enable_content_width":"off","neve_meta_content_width":100,"neve_meta_title_alignment":"","neve_meta_author_avatar":"","neve_post_elements_order":"","neve_meta_disable_header":"","neve_meta_disable_footer":"","neve_meta_disable_title":""},"product_brand":[],"product_cat":[40],"product_tag":[],"class_list":{"0":"post-4437","1":"product","2":"type-product","3":"status-publish","4":"has-post-thumbnail","6":"product_cat-sacs-et-bagageries","8":"first","9":"instock","10":"shipping-taxable","11":"purchasable","12":"product-type-simple"},"uagb_featured_image_src":{"full":["https:\/\/media-germany.com\/wp-content\/uploads\/2025\/10\/51xMvDBGn9L._AC_SL1500_.jpg",1477,1141,false],"thumbnail":["https:\/\/media-germany.com\/wp-content\/uploads\/2025\/10\/51xMvDBGn9L._AC_SL1500_-150x150.jpg",150,150,true],"medium":["https:\/\/media-germany.com\/wp-content\/uploads\/2025\/10\/51xMvDBGn9L._AC_SL1500_-300x232.jpg",300,232,true],"medium_large":["https:\/\/media-germany.com\/wp-content\/uploads\/2025\/10\/51xMvDBGn9L._AC_SL1500_-768x593.jpg",768,593,true],"large":["https:\/\/media-germany.com\/wp-content\/uploads\/2025\/10\/51xMvDBGn9L._AC_SL1500_-1024x791.jpg",1024,791,true],"1536x1536":["https:\/\/media-germany.com\/wp-content\/uploads\/2025\/10\/51xMvDBGn9L._AC_SL1500_.jpg",1477,1141,false],"2048x2048":["https:\/\/media-germany.com\/wp-content\/uploads\/2025\/10\/51xMvDBGn9L._AC_SL1500_.jpg",1477,1141,false],"trp-custom-language-flag":["https:\/\/media-germany.com\/wp-content\/uploads\/2025\/10\/51xMvDBGn9L._AC_SL1500_-16x12.jpg",16,12,true],"neve-blog":["https:\/\/media-germany.com\/wp-content\/uploads\/2025\/10\/51xMvDBGn9L._AC_SL1500_-930x620.jpg",930,620,true],"woocommerce_thumbnail":["https:\/\/media-germany.com\/wp-content\/uploads\/2025\/10\/51xMvDBGn9L._AC_SL1500_-300x300.jpg",300,300,true],"woocommerce_single":["https:\/\/media-germany.com\/wp-content\/uploads\/2025\/10\/51xMvDBGn9L._AC_SL1500_-1000x773.jpg",1000,773,true],"woocommerce_gallery_thumbnail":["https:\/\/media-germany.com\/wp-content\/uploads\/2025\/10\/51xMvDBGn9L._AC_SL1500_-100x100.jpg",100,100,true]},"uagb_author_info":{"display_name":"hostinghostinger03@gmail.com","author_link":"https:\/\/media-germany.com\/fr\/author\/"},"uagb_comment_info":0,"uagb_excerpt":"Sac de Sport et Voyage pour Femme et Homme\u00a0 Description :Le sac de sport\u00a0Gym Tote est parfait pour transporter vos \u00e9quipements sportifs, v\u00eatements et accessoires de voyage. Con\u00e7u pour hommes et femmes, il combine grande capacit\u00e9, organisation optimale et r\u00e9sistance gr\u00e2ce \u00e0 son tissu polyester l\u00e9ger et imperm\u00e9able. Id\u00e9al pour la salle de sport, les\u2026","_links":{"self":[{"href":"https:\/\/media-germany.com\/fr\/wp-json\/wp\/v2\/product\/4437","targetHints":{"allow":["GET"]}}],"collection":[{"href":"https:\/\/media-germany.com\/fr\/wp-json\/wp\/v2\/product"}],"about":[{"href":"https:\/\/media-germany.com\/fr\/wp-json\/wp\/v2\/types\/product"}],"replies":[{"embeddable":true,"href":"https:\/\/media-germany.com\/fr\/wp-json\/wp\/v2\/comments?post=4437"}],"version-history":[{"count":2,"href":"https:\/\/media-germany.com\/fr\/wp-json\/wp\/v2\/product\/4437\/revisions"}],"predecessor-version":[{"id":4601,"href":"https:\/\/media-germany.com\/fr\/wp-json\/wp\/v2\/product\/4437\/revisions\/4601"}],"wp:featuredmedia":[{"embeddable":true,"href":"https:\/\/media-germany.com\/fr\/wp-json\/wp\/v2\/media\/4440"}],"wp:attachment":[{"href":"https:\/\/media-germany.com\/fr\/wp-json\/wp\/v2\/media?parent=4437"}],"wp:term":[{"taxonomy":"product_brand","embeddable":true,"href":"https:\/\/media-germany.com\/fr\/wp-json\/wp\/v2\/product_brand?post=4437"},{"taxonomy":"product_cat","embeddable":true,"href":"https:\/\/media-germany.com\/fr\/wp-json\/wp\/v2\/product_cat?post=4437"},{"taxonomy":"product_tag","embeddable":true,"href":"https:\/\/media-germany.com\/fr\/wp-json\/wp\/v2\/product_tag?post=4437"}],"curies":[{"name":"wp","href":"https:\/\/api.w.org\/{rel}","templated":true}]}}