{"id":4432,"date":"2025-10-09T09:36:15","date_gmt":"2025-10-09T09:36:15","guid":{"rendered":"https:\/\/media-germany.com\/?post_type=product&#038;p=4432"},"modified":"2025-10-14T07:51:34","modified_gmt":"2025-10-14T07:51:34","slug":"sac-de-voyage-premium-en-neoprene","status":"publish","type":"product","link":"https:\/\/media-germany.com\/fr\/produit\/sac-de-voyage-premium-en-neoprene\/","title":{"rendered":"Sac de Voyage Premium en N\u00e9opr\u00e8ne"},"content":{"rendered":"<h3 data-start=\"139\" data-end=\"234\"><strong data-start=\"143\" data-end=\"232\">Sac de Voyage Premium en N\u00e9opr\u00e8ne | Cabine, Duffel et Gym Bag<\/strong><\/h3>\n<p data-start=\"236\" data-end=\"674\"><strong data-start=\"236\" data-end=\"253\">Description :<\/strong><br data-start=\"253\" data-end=\"256\" \/>Le sac de voyage <strong data-start=\"273\" data-end=\"298\">Fit &amp; Fresh Weekender<\/strong> est polyvalent et \u00e9l\u00e9gant, id\u00e9al pour les courts s\u00e9jours de 3 \u00e0 5 jours, la salle de sport ou comme sac pour la maternit\u00e9. Fabriqu\u00e9 en <strong data-start=\"434\" data-end=\"454\">n\u00e9opr\u00e8ne premium<\/strong>, r\u00e9sistant \u00e0 l\u2019eau et aux d\u00e9chirures, il est l\u00e9ger, pliable et facile \u00e0 transporter gr\u00e2ce \u00e0 ses poign\u00e9es et sa bandouli\u00e8re amovible. Son design inclut une <strong data-start=\"610\" data-end=\"631\">manchette trolley<\/strong> pour le fixer facilement sur une valise.<\/p>\n<p data-start=\"676\" data-end=\"700\"><strong data-start=\"676\" data-end=\"698\">Caract\u00e9ristiques :<\/strong><\/p>\n<ul data-start=\"701\" data-end=\"1523\">\n<li data-start=\"701\" data-end=\"829\">\n<p data-start=\"703\" data-end=\"829\"><strong data-start=\"703\" data-end=\"722\">Format cabine :<\/strong> dimensions <strong data-start=\"734\" data-end=\"753\">48 \u00d7 25 \u00d7 29 cm<\/strong> (19 \u00d7 10 \u00d7 11,5 pouces), conforme aux standards des compagnies a\u00e9riennes.<\/p>\n<\/li>\n<li data-start=\"830\" data-end=\"951\">\n<p data-start=\"832\" data-end=\"951\"><strong data-start=\"832\" data-end=\"854\">Mat\u00e9riau premium :<\/strong> n\u00e9opr\u00e8ne de haute qualit\u00e9, extensible, r\u00e9sistant \u00e0 l\u2019eau et aux d\u00e9chirures, lavable \u00e0 la main.<\/p>\n<\/li>\n<li data-start=\"952\" data-end=\"1109\">\n<p data-start=\"954\" data-end=\"1109\"><strong data-start=\"954\" data-end=\"975\">Grande capacit\u00e9 :<\/strong> peut contenir 3 \u00e0 5 jours de v\u00eatements et accessoires, ordinateur portable jusqu\u2019\u00e0 13&#8243;. Les c\u00f4t\u00e9s se d\u00e9tachent pour plus de volume.<\/p>\n<\/li>\n<li data-start=\"1110\" data-end=\"1216\">\n<p data-start=\"1112\" data-end=\"1216\"><strong data-start=\"1112\" data-end=\"1141\">Organisation int\u00e9rieure :<\/strong> 4 poches internes : 2 \u00e9lastiques, 1 porte-bouteille en mesh et 1 zipp\u00e9e.<\/p>\n<\/li>\n<li data-start=\"1217\" data-end=\"1334\">\n<p data-start=\"1219\" data-end=\"1334\"><strong data-start=\"1219\" data-end=\"1245\">Transport polyvalent :<\/strong> poign\u00e9es solides et bandouli\u00e8re amovible pour porter \u00e0 la main ou en travers du corps.<\/p>\n<\/li>\n<li data-start=\"1335\" data-end=\"1397\">\n<p data-start=\"1337\" data-end=\"1397\"><strong data-start=\"1337\" data-end=\"1359\">Poche ext\u00e9rieure :<\/strong> acc\u00e8s rapide aux objets essentiels.<\/p>\n<\/li>\n<li data-start=\"1398\" data-end=\"1523\">\n<p data-start=\"1400\" data-end=\"1523\"><strong data-start=\"1400\" data-end=\"1416\">Polyvalent :<\/strong> parfait pour hommes et femmes, utilis\u00e9 comme sac de voyage, weekender, sac de sport ou sac de maternit\u00e9.<\/p>\n<\/li>\n<\/ul>","protected":false},"excerpt":{"rendered":"<p>Sac de Voyage Premium en N\u00e9opr\u00e8ne | Cabine, Duffel et Gym Bag Description :Le sac de voyage Fit &amp; Fresh Weekender est polyvalent et \u00e9l\u00e9gant, id\u00e9al pour les courts s\u00e9jours de 3 \u00e0 5 jours, la salle de sport ou comme sac pour la maternit\u00e9. Fabriqu\u00e9 en n\u00e9opr\u00e8ne premium, r\u00e9sistant \u00e0 l\u2019eau et aux d\u00e9chirures, il est l\u00e9ger, pliable et facile \u00e0 transporter gr\u00e2ce \u00e0 ses poign\u00e9es et sa bandouli\u00e8re amovible. Son design inclut une manchette trolley pour le fixer facilement sur une valise. Caract\u00e9ristiques : Format cabine : dimensions 48 \u00d7 25 \u00d7 29 cm (19 \u00d7 10 \u00d7 11,5 pouces), conforme aux standards des compagnies a\u00e9riennes. Mat\u00e9riau premium : n\u00e9opr\u00e8ne de haute qualit\u00e9, extensible, r\u00e9sistant \u00e0 l\u2019eau et aux d\u00e9chirures, lavable \u00e0 la main. Grande capacit\u00e9 : peut contenir 3 \u00e0 5 jours de v\u00eatements et accessoires, ordinateur portable jusqu\u2019\u00e0 13&#8243;. Les c\u00f4t\u00e9s se d\u00e9tachent pour plus de volume. Organisation int\u00e9rieure : 4 poches internes : 2 \u00e9lastiques, 1 porte-bouteille en mesh et 1 zipp\u00e9e. Transport polyvalent : poign\u00e9es solides et bandouli\u00e8re amovible pour porter \u00e0 la main ou en travers du corps. Poche ext\u00e9rieure : acc\u00e8s rapide aux objets essentiels. Polyvalent : parfait pour hommes et femmes, utilis\u00e9 comme sac de voyage, weekender, sac de sport ou sac de maternit\u00e9.<\/p>","protected":false},"featured_media":4435,"comment_status":"open","ping_status":"closed","template":"","meta":{"_uag_custom_page_level_css":"","neve_meta_sidebar":"","neve_meta_container":"","neve_meta_enable_content_width":"off","neve_meta_content_width":100,"neve_meta_title_alignment":"","neve_meta_author_avatar":"","neve_post_elements_order":"","neve_meta_disable_header":"","neve_meta_disable_footer":"","neve_meta_disable_title":""},"product_brand":[],"product_cat":[40],"product_tag":[],"class_list":{"0":"post-4432","1":"product","2":"type-product","3":"status-publish","4":"has-post-thumbnail","6":"product_cat-sacs-et-bagageries","8":"first","9":"instock","10":"shipping-taxable","11":"purchasable","12":"product-type-simple"},"uagb_featured_image_src":{"full":["https:\/\/media-germany.com\/wp-content\/uploads\/2025\/10\/81gbHQVlaVL._AC_SX679_.jpg",679,692,false],"thumbnail":["https:\/\/media-germany.com\/wp-content\/uploads\/2025\/10\/81gbHQVlaVL._AC_SX679_-150x150.jpg",150,150,true],"medium":["https:\/\/media-germany.com\/wp-content\/uploads\/2025\/10\/81gbHQVlaVL._AC_SX679_-294x300.jpg",294,300,true],"medium_large":["https:\/\/media-germany.com\/wp-content\/uploads\/2025\/10\/81gbHQVlaVL._AC_SX679_.jpg",679,692,false],"large":["https:\/\/media-germany.com\/wp-content\/uploads\/2025\/10\/81gbHQVlaVL._AC_SX679_.jpg",679,692,false],"1536x1536":["https:\/\/media-germany.com\/wp-content\/uploads\/2025\/10\/81gbHQVlaVL._AC_SX679_.jpg",679,692,false],"2048x2048":["https:\/\/media-germany.com\/wp-content\/uploads\/2025\/10\/81gbHQVlaVL._AC_SX679_.jpg",679,692,false],"trp-custom-language-flag":["https:\/\/media-germany.com\/wp-content\/uploads\/2025\/10\/81gbHQVlaVL._AC_SX679_-12x12.jpg",12,12,true],"neve-blog":["https:\/\/media-germany.com\/wp-content\/uploads\/2025\/10\/81gbHQVlaVL._AC_SX679_-679x620.jpg",679,620,true],"woocommerce_thumbnail":["https:\/\/media-germany.com\/wp-content\/uploads\/2025\/10\/81gbHQVlaVL._AC_SX679_-300x300.jpg",300,300,true],"woocommerce_single":["https:\/\/media-germany.com\/wp-content\/uploads\/2025\/10\/81gbHQVlaVL._AC_SX679_.jpg",679,692,false],"woocommerce_gallery_thumbnail":["https:\/\/media-germany.com\/wp-content\/uploads\/2025\/10\/81gbHQVlaVL._AC_SX679_-100x100.jpg",100,100,true]},"uagb_author_info":{"display_name":"hostinghostinger03@gmail.com","author_link":"https:\/\/media-germany.com\/fr\/author\/"},"uagb_comment_info":0,"uagb_excerpt":"Sac de Voyage Premium en N\u00e9opr\u00e8ne | Cabine, Duffel et Gym Bag Description :Le sac de voyage Fit &amp; Fresh Weekender est polyvalent et \u00e9l\u00e9gant, id\u00e9al pour les courts s\u00e9jours de 3 \u00e0 5 jours, la salle de sport ou comme sac pour la maternit\u00e9. Fabriqu\u00e9 en n\u00e9opr\u00e8ne premium, r\u00e9sistant \u00e0 l\u2019eau et aux d\u00e9chirures,\u2026","_links":{"self":[{"href":"https:\/\/media-germany.com\/fr\/wp-json\/wp\/v2\/product\/4432","targetHints":{"allow":["GET"]}}],"collection":[{"href":"https:\/\/media-germany.com\/fr\/wp-json\/wp\/v2\/product"}],"about":[{"href":"https:\/\/media-germany.com\/fr\/wp-json\/wp\/v2\/types\/product"}],"replies":[{"embeddable":true,"href":"https:\/\/media-germany.com\/fr\/wp-json\/wp\/v2\/comments?post=4432"}],"version-history":[{"count":3,"href":"https:\/\/media-germany.com\/fr\/wp-json\/wp\/v2\/product\/4432\/revisions"}],"predecessor-version":[{"id":4605,"href":"https:\/\/media-germany.com\/fr\/wp-json\/wp\/v2\/product\/4432\/revisions\/4605"}],"wp:featuredmedia":[{"embeddable":true,"href":"https:\/\/media-germany.com\/fr\/wp-json\/wp\/v2\/media\/4435"}],"wp:attachment":[{"href":"https:\/\/media-germany.com\/fr\/wp-json\/wp\/v2\/media?parent=4432"}],"wp:term":[{"taxonomy":"product_brand","embeddable":true,"href":"https:\/\/media-germany.com\/fr\/wp-json\/wp\/v2\/product_brand?post=4432"},{"taxonomy":"product_cat","embeddable":true,"href":"https:\/\/media-germany.com\/fr\/wp-json\/wp\/v2\/product_cat?post=4432"},{"taxonomy":"product_tag","embeddable":true,"href":"https:\/\/media-germany.com\/fr\/wp-json\/wp\/v2\/product_tag?post=4432"}],"curies":[{"name":"wp","href":"https:\/\/api.w.org\/{rel}","templated":true}]}}