{"id":4422,"date":"2025-10-09T09:25:27","date_gmt":"2025-10-09T09:25:27","guid":{"rendered":"https:\/\/media-germany.com\/?post_type=product&#038;p=4422"},"modified":"2025-10-14T07:49:17","modified_gmt":"2025-10-14T07:49:17","slug":"sac-de-voyage-pour-femme-et-homme","status":"publish","type":"product","link":"https:\/\/media-germany.com\/fr\/produit\/sac-de-voyage-pour-femme-et-homme\/","title":{"rendered":"Sac de Voyage pour Femme et Homme"},"content":{"rendered":"<h3 data-start=\"171\" data-end=\"283\"><strong data-start=\"175\" data-end=\"281\">Sac de Voyage pour Femme et Homme\u00a0<\/strong><\/h3>\n<p data-start=\"285\" data-end=\"702\"><strong data-start=\"285\" data-end=\"302\">Description :<\/strong><br data-start=\"302\" data-end=\"305\" \/>Le sac de voyage <strong data-start=\"322\" data-end=\"342\">Wogarl Weekender<\/strong> est id\u00e9al pour les escapades de 3 \u00e0 5 jours, les voyages d\u2019affaires ou les activit\u00e9s sportives. Fabriqu\u00e9 en <strong data-start=\"451\" data-end=\"494\">toile imperm\u00e9able de qualit\u00e9 et cuir PU<\/strong>, il combine r\u00e9sistance, \u00e9l\u00e9gance et praticit\u00e9. Son design spacieux et multifonctionnel permet de transporter v\u00eatements, chaussures, ordinateur ou accessoires tout en restant conforme aux dimensions cabine.<\/p>\n<p data-start=\"704\" data-end=\"728\"><strong data-start=\"704\" data-end=\"726\">Caract\u00e9ristiques :<\/strong><\/p>\n<ul data-start=\"729\" data-end=\"1579\">\n<li data-start=\"729\" data-end=\"891\">\n<p data-start=\"731\" data-end=\"891\"><strong data-start=\"731\" data-end=\"757\">Kit complet 4 pi\u00e8ces :<\/strong> sac weekender + trousse de toilette incluse, 2 bandouli\u00e8res r\u00e9glables et amovibles, poche pour cartes et compartiment \u00e0 chaussures.<\/p>\n<\/li>\n<li data-start=\"892\" data-end=\"1055\">\n<p data-start=\"894\" data-end=\"1055\"><strong data-start=\"894\" data-end=\"915\">Grande capacit\u00e9 :<\/strong> compartiments multiples pour organiser v\u00eatements, chaussures, trousse de toilette, ordinateur portable (jusqu\u2019\u00e0 53 cm \/ 21&#8243;) et tablette.<\/p>\n<\/li>\n<li data-start=\"1056\" data-end=\"1215\">\n<p data-start=\"1058\" data-end=\"1215\"><strong data-start=\"1058\" data-end=\"1087\">Confortable et pratique :<\/strong> bandouli\u00e8res r\u00e9glables et amovibles pour porter le sac en sac \u00e0 main, sac \u00e0 bandouli\u00e8re ou en travers du corps, mains libres.<\/p>\n<\/li>\n<li data-start=\"1216\" data-end=\"1330\">\n<p data-start=\"1218\" data-end=\"1330\"><strong data-start=\"1218\" data-end=\"1242\">Mat\u00e9riaux durables :<\/strong> toile imperm\u00e9able et cuir PU r\u00e9sistant \u00e0 l\u2019usure pour un usage quotidien ou intensif.<\/p>\n<\/li>\n<li data-start=\"1331\" data-end=\"1453\">\n<p data-start=\"1333\" data-end=\"1453\"><strong data-start=\"1333\" data-end=\"1349\">Polyvalent :<\/strong> parfait pour les week-ends, les voyages courts, les d\u00e9placements professionnels ou la salle de sport.<\/p>\n<\/li>\n<li data-start=\"1454\" data-end=\"1579\">\n<p data-start=\"1456\" data-end=\"1579\"><strong data-start=\"1456\" data-end=\"1479\">Dimensions du sac :<\/strong> environ 55 \u00d7 25 \u00d7 30 cm (longueur \u00d7 largeur \u00d7 hauteur), format cabine adapt\u00e9 aux voyages a\u00e9riens.<\/p>\n<\/li>\n<\/ul>","protected":false},"excerpt":{"rendered":"<p>Sac de Voyage pour Femme et Homme\u00a0 Description :Le sac de voyage Wogarl Weekender est id\u00e9al pour les escapades de 3 \u00e0 5 jours, les voyages d\u2019affaires ou les activit\u00e9s sportives. Fabriqu\u00e9 en toile imperm\u00e9able de qualit\u00e9 et cuir PU, il combine r\u00e9sistance, \u00e9l\u00e9gance et praticit\u00e9. Son design spacieux et multifonctionnel permet de transporter v\u00eatements, chaussures, ordinateur ou accessoires tout en restant conforme aux dimensions cabine. Caract\u00e9ristiques : Kit complet 4 pi\u00e8ces : sac weekender + trousse de toilette incluse, 2 bandouli\u00e8res r\u00e9glables et amovibles, poche pour cartes et compartiment \u00e0 chaussures. Grande capacit\u00e9 : compartiments multiples pour organiser v\u00eatements, chaussures, trousse de toilette, ordinateur portable (jusqu\u2019\u00e0 53 cm \/ 21&#8243;) et tablette. Confortable et pratique : bandouli\u00e8res r\u00e9glables et amovibles pour porter le sac en sac \u00e0 main, sac \u00e0 bandouli\u00e8re ou en travers du corps, mains libres. Mat\u00e9riaux durables : toile imperm\u00e9able et cuir PU r\u00e9sistant \u00e0 l\u2019usure pour un usage quotidien ou intensif. Polyvalent : parfait pour les week-ends, les voyages courts, les d\u00e9placements professionnels ou la salle de sport. Dimensions du sac : environ 55 \u00d7 25 \u00d7 30 cm (longueur \u00d7 largeur \u00d7 hauteur), format cabine adapt\u00e9 aux voyages a\u00e9riens.<\/p>","protected":false},"featured_media":4425,"comment_status":"open","ping_status":"closed","template":"","meta":{"_uag_custom_page_level_css":"","neve_meta_sidebar":"","neve_meta_container":"","neve_meta_enable_content_width":"off","neve_meta_content_width":100,"neve_meta_title_alignment":"","neve_meta_author_avatar":"","neve_post_elements_order":"","neve_meta_disable_header":"","neve_meta_disable_footer":"","neve_meta_disable_title":""},"product_brand":[],"product_cat":[40],"product_tag":[],"class_list":{"0":"post-4422","1":"product","2":"type-product","3":"status-publish","4":"has-post-thumbnail","6":"product_cat-sacs-et-bagageries","8":"first","9":"instock","10":"shipping-taxable","11":"purchasable","12":"product-type-simple"},"uagb_featured_image_src":{"full":["https:\/\/media-germany.com\/wp-content\/uploads\/2025\/10\/71ZcH1Tdn6L._AC_SX679_.jpg",679,611,false],"thumbnail":["https:\/\/media-germany.com\/wp-content\/uploads\/2025\/10\/71ZcH1Tdn6L._AC_SX679_-150x150.jpg",150,150,true],"medium":["https:\/\/media-germany.com\/wp-content\/uploads\/2025\/10\/71ZcH1Tdn6L._AC_SX679_-300x270.jpg",300,270,true],"medium_large":["https:\/\/media-germany.com\/wp-content\/uploads\/2025\/10\/71ZcH1Tdn6L._AC_SX679_.jpg",679,611,false],"large":["https:\/\/media-germany.com\/wp-content\/uploads\/2025\/10\/71ZcH1Tdn6L._AC_SX679_.jpg",679,611,false],"1536x1536":["https:\/\/media-germany.com\/wp-content\/uploads\/2025\/10\/71ZcH1Tdn6L._AC_SX679_.jpg",679,611,false],"2048x2048":["https:\/\/media-germany.com\/wp-content\/uploads\/2025\/10\/71ZcH1Tdn6L._AC_SX679_.jpg",679,611,false],"trp-custom-language-flag":["https:\/\/media-germany.com\/wp-content\/uploads\/2025\/10\/71ZcH1Tdn6L._AC_SX679_-13x12.jpg",13,12,true],"neve-blog":["https:\/\/media-germany.com\/wp-content\/uploads\/2025\/10\/71ZcH1Tdn6L._AC_SX679_.jpg",679,611,false],"woocommerce_thumbnail":["https:\/\/media-germany.com\/wp-content\/uploads\/2025\/10\/71ZcH1Tdn6L._AC_SX679_-300x300.jpg",300,300,true],"woocommerce_single":["https:\/\/media-germany.com\/wp-content\/uploads\/2025\/10\/71ZcH1Tdn6L._AC_SX679_.jpg",679,611,false],"woocommerce_gallery_thumbnail":["https:\/\/media-germany.com\/wp-content\/uploads\/2025\/10\/71ZcH1Tdn6L._AC_SX679_-100x100.jpg",100,100,true]},"uagb_author_info":{"display_name":"hostinghostinger03@gmail.com","author_link":"https:\/\/media-germany.com\/fr\/author\/"},"uagb_comment_info":0,"uagb_excerpt":"Sac de Voyage pour Femme et Homme\u00a0 Description :Le sac de voyage Wogarl Weekender est id\u00e9al pour les escapades de 3 \u00e0 5 jours, les voyages d\u2019affaires ou les activit\u00e9s sportives. Fabriqu\u00e9 en toile imperm\u00e9able de qualit\u00e9 et cuir PU, il combine r\u00e9sistance, \u00e9l\u00e9gance et praticit\u00e9. Son design spacieux et multifonctionnel permet de transporter v\u00eatements,\u2026","_links":{"self":[{"href":"https:\/\/media-germany.com\/fr\/wp-json\/wp\/v2\/product\/4422","targetHints":{"allow":["GET"]}}],"collection":[{"href":"https:\/\/media-germany.com\/fr\/wp-json\/wp\/v2\/product"}],"about":[{"href":"https:\/\/media-germany.com\/fr\/wp-json\/wp\/v2\/types\/product"}],"replies":[{"embeddable":true,"href":"https:\/\/media-germany.com\/fr\/wp-json\/wp\/v2\/comments?post=4422"}],"version-history":[{"count":3,"href":"https:\/\/media-germany.com\/fr\/wp-json\/wp\/v2\/product\/4422\/revisions"}],"predecessor-version":[{"id":4603,"href":"https:\/\/media-germany.com\/fr\/wp-json\/wp\/v2\/product\/4422\/revisions\/4603"}],"wp:featuredmedia":[{"embeddable":true,"href":"https:\/\/media-germany.com\/fr\/wp-json\/wp\/v2\/media\/4425"}],"wp:attachment":[{"href":"https:\/\/media-germany.com\/fr\/wp-json\/wp\/v2\/media?parent=4422"}],"wp:term":[{"taxonomy":"product_brand","embeddable":true,"href":"https:\/\/media-germany.com\/fr\/wp-json\/wp\/v2\/product_brand?post=4422"},{"taxonomy":"product_cat","embeddable":true,"href":"https:\/\/media-germany.com\/fr\/wp-json\/wp\/v2\/product_cat?post=4422"},{"taxonomy":"product_tag","embeddable":true,"href":"https:\/\/media-germany.com\/fr\/wp-json\/wp\/v2\/product_tag?post=4422"}],"curies":[{"name":"wp","href":"https:\/\/api.w.org\/{rel}","templated":true}]}}