{"id":4418,"date":"2025-10-09T09:21:29","date_gmt":"2025-10-09T09:21:29","guid":{"rendered":"https:\/\/media-germany.com\/?post_type=product&#038;p=4418"},"modified":"2025-10-14T07:44:23","modified_gmt":"2025-10-14T07:44:23","slug":"sac-de-voyage-en-cuir-synthetique-pour-homme-et-femme","status":"publish","type":"product","link":"https:\/\/media-germany.com\/fr\/produit\/sac-de-voyage-en-cuir-synthetique-pour-homme-et-femme\/","title":{"rendered":"Sac de Voyage en Cuir Synth\u00e9tique pour Homme et Femme"},"content":{"rendered":"<h3 data-start=\"132\" data-end=\"257\"><strong data-start=\"136\" data-end=\"255\">Sac de Voyage en Cuir Synth\u00e9tique pour Homme et Femme\u00a0<\/strong><\/h3>\n<p data-start=\"259\" data-end=\"553\"><strong data-start=\"259\" data-end=\"276\">Description :<\/strong><br data-start=\"276\" data-end=\"279\" \/>Le sac de voyage\u00a0allie \u00e9l\u00e9gance et praticit\u00e9 pour les escapades de 3 \u00e0 5 jours, les voyages d\u2019affaires ou le sport. Fabriqu\u00e9 en <strong data-start=\"419\" data-end=\"451\">cuir synth\u00e9tique imperm\u00e9able<\/strong> avec doublure en polyester, il est robuste et durable tout en offrant un design raffin\u00e9 et moderne.<\/p>\n<p data-start=\"555\" data-end=\"579\"><strong data-start=\"555\" data-end=\"577\">Caract\u00e9ristiques :<\/strong><\/p>\n<ul data-start=\"580\" data-end=\"1669\">\n<li data-start=\"580\" data-end=\"723\">\n<p data-start=\"582\" data-end=\"723\"><strong data-start=\"582\" data-end=\"608\">Mat\u00e9riaux de qualit\u00e9 :<\/strong> cuir synth\u00e9tique imperm\u00e9able, doublure polyester, fermetures \u00e9clair solides et accessoires m\u00e9talliques durables.<\/p>\n<\/li>\n<li data-start=\"724\" data-end=\"1135\">\n<p data-start=\"726\" data-end=\"766\"><strong data-start=\"726\" data-end=\"764\">Grand espace et multiples poches :<\/strong><\/p>\n<ul data-start=\"769\" data-end=\"1135\">\n<li data-start=\"769\" data-end=\"945\">\n<p data-start=\"771\" data-end=\"945\">1 compartiment principal \u00e0 double fermeture \u00e9clair avec 7 poches int\u00e9rieures pour v\u00eatements, produits de toilette, ordinateur portable, livres ou accessoires \u00e9lectroniques.<\/p>\n<\/li>\n<li data-start=\"948\" data-end=\"1135\">\n<p data-start=\"950\" data-end=\"1135\">1 poche avant \u00e0 fermeture magn\u00e9tique, 1 poche avant profonde zipp\u00e9e et 1 poche arri\u00e8re zipp\u00e9e sur la sangle pour ranger rapidement t\u00e9l\u00e9phone, portefeuille, cl\u00e9s, passeport ou billets.<\/p>\n<\/li>\n<\/ul>\n<\/li>\n<li data-start=\"1136\" data-end=\"1307\">\n<p data-start=\"1138\" data-end=\"1307\"><strong data-start=\"1138\" data-end=\"1176\">Compartiment \u00e0 chaussures s\u00e9par\u00e9 :<\/strong> situ\u00e9 en bas du sac, avec 2 a\u00e9rations pour \u00e9viter les odeurs et s\u00e9parer les chaussures ou v\u00eatements sales du reste des affaires.<\/p>\n<\/li>\n<li data-start=\"1308\" data-end=\"1435\">\n<p data-start=\"1310\" data-end=\"1435\"><strong data-start=\"1310\" data-end=\"1337\">Transport confortable :<\/strong> large bandouli\u00e8re r\u00e9glable et poign\u00e9e sup\u00e9rieure rembourr\u00e9e pour un port facile et confortable.<\/p>\n<\/li>\n<li data-start=\"1436\" data-end=\"1561\">\n<p data-start=\"1438\" data-end=\"1561\"><strong data-start=\"1438\" data-end=\"1473\">Design pratique et polyvalent :<\/strong> id\u00e9al comme weekender, sac de voyage cabine, sac de sport ou sac pour courts s\u00e9jours.<\/p>\n<\/li>\n<li data-start=\"1562\" data-end=\"1669\">\n<p data-start=\"1564\" data-end=\"1669\"><strong data-start=\"1564\" data-end=\"1600\">Sangle de fixation pour valise :<\/strong> permet de fixer le sac sur le trolley pour un transport simplifi\u00e9.<\/p>\n<\/li>\n<\/ul>","protected":false},"excerpt":{"rendered":"<p>Sac de Voyage en Cuir Synth\u00e9tique pour Homme et Femme\u00a0 Description :Le sac de voyage\u00a0allie \u00e9l\u00e9gance et praticit\u00e9 pour les escapades de 3 \u00e0 5 jours, les voyages d\u2019affaires ou le sport. Fabriqu\u00e9 en cuir synth\u00e9tique imperm\u00e9able avec doublure en polyester, il est robuste et durable tout en offrant un design raffin\u00e9 et moderne. Caract\u00e9ristiques : Mat\u00e9riaux de qualit\u00e9 : cuir synth\u00e9tique imperm\u00e9able, doublure polyester, fermetures \u00e9clair solides et accessoires m\u00e9talliques durables. Grand espace et multiples poches : 1 compartiment principal \u00e0 double fermeture \u00e9clair avec 7 poches int\u00e9rieures pour v\u00eatements, produits de toilette, ordinateur portable, livres ou accessoires \u00e9lectroniques. 1 poche avant \u00e0 fermeture magn\u00e9tique, 1 poche avant profonde zipp\u00e9e et 1 poche arri\u00e8re zipp\u00e9e sur la sangle pour ranger rapidement t\u00e9l\u00e9phone, portefeuille, cl\u00e9s, passeport ou billets. Compartiment \u00e0 chaussures s\u00e9par\u00e9 : situ\u00e9 en bas du sac, avec 2 a\u00e9rations pour \u00e9viter les odeurs et s\u00e9parer les chaussures ou v\u00eatements sales du reste des affaires. Transport confortable : large bandouli\u00e8re r\u00e9glable et poign\u00e9e sup\u00e9rieure rembourr\u00e9e pour un port facile et confortable. Design pratique et polyvalent : id\u00e9al comme weekender, sac de voyage cabine, sac de sport ou sac pour courts s\u00e9jours. Sangle de fixation pour valise : permet de fixer le sac sur le trolley pour un transport simplifi\u00e9.<\/p>","protected":false},"featured_media":4420,"comment_status":"open","ping_status":"closed","template":"","meta":{"_uag_custom_page_level_css":"","neve_meta_sidebar":"","neve_meta_container":"","neve_meta_enable_content_width":"off","neve_meta_content_width":100,"neve_meta_title_alignment":"","neve_meta_author_avatar":"","neve_post_elements_order":"","neve_meta_disable_header":"","neve_meta_disable_footer":"","neve_meta_disable_title":""},"product_brand":[],"product_cat":[40],"product_tag":[],"class_list":{"0":"post-4418","1":"product","2":"type-product","3":"status-publish","4":"has-post-thumbnail","6":"product_cat-sacs-et-bagageries","8":"first","9":"instock","10":"shipping-taxable","11":"purchasable","12":"product-type-simple"},"uagb_featured_image_src":{"full":["https:\/\/media-germany.com\/wp-content\/uploads\/2025\/10\/81-kujKrgWL._AC_SL1500_.jpg",1366,1500,false],"thumbnail":["https:\/\/media-germany.com\/wp-content\/uploads\/2025\/10\/81-kujKrgWL._AC_SL1500_-150x150.jpg",150,150,true],"medium":["https:\/\/media-germany.com\/wp-content\/uploads\/2025\/10\/81-kujKrgWL._AC_SL1500_-273x300.jpg",273,300,true],"medium_large":["https:\/\/media-germany.com\/wp-content\/uploads\/2025\/10\/81-kujKrgWL._AC_SL1500_-768x843.jpg",768,843,true],"large":["https:\/\/media-germany.com\/wp-content\/uploads\/2025\/10\/81-kujKrgWL._AC_SL1500_-933x1024.jpg",933,1024,true],"1536x1536":["https:\/\/media-germany.com\/wp-content\/uploads\/2025\/10\/81-kujKrgWL._AC_SL1500_.jpg",1366,1500,false],"2048x2048":["https:\/\/media-germany.com\/wp-content\/uploads\/2025\/10\/81-kujKrgWL._AC_SL1500_.jpg",1366,1500,false],"trp-custom-language-flag":["https:\/\/media-germany.com\/wp-content\/uploads\/2025\/10\/81-kujKrgWL._AC_SL1500_-11x12.jpg",11,12,true],"neve-blog":["https:\/\/media-germany.com\/wp-content\/uploads\/2025\/10\/81-kujKrgWL._AC_SL1500_-930x620.jpg",930,620,true],"woocommerce_thumbnail":["https:\/\/media-germany.com\/wp-content\/uploads\/2025\/10\/81-kujKrgWL._AC_SL1500_-300x300.jpg",300,300,true],"woocommerce_single":["https:\/\/media-germany.com\/wp-content\/uploads\/2025\/10\/81-kujKrgWL._AC_SL1500_-1000x1098.jpg",1000,1098,true],"woocommerce_gallery_thumbnail":["https:\/\/media-germany.com\/wp-content\/uploads\/2025\/10\/81-kujKrgWL._AC_SL1500_-100x100.jpg",100,100,true]},"uagb_author_info":{"display_name":"hostinghostinger03@gmail.com","author_link":"https:\/\/media-germany.com\/fr\/author\/"},"uagb_comment_info":0,"uagb_excerpt":"Sac de Voyage en Cuir Synth\u00e9tique pour Homme et Femme\u00a0 Description :Le sac de voyage\u00a0allie \u00e9l\u00e9gance et praticit\u00e9 pour les escapades de 3 \u00e0 5 jours, les voyages d\u2019affaires ou le sport. Fabriqu\u00e9 en cuir synth\u00e9tique imperm\u00e9able avec doublure en polyester, il est robuste et durable tout en offrant un design raffin\u00e9 et moderne. Caract\u00e9ristiques\u2026","_links":{"self":[{"href":"https:\/\/media-germany.com\/fr\/wp-json\/wp\/v2\/product\/4418","targetHints":{"allow":["GET"]}}],"collection":[{"href":"https:\/\/media-germany.com\/fr\/wp-json\/wp\/v2\/product"}],"about":[{"href":"https:\/\/media-germany.com\/fr\/wp-json\/wp\/v2\/types\/product"}],"replies":[{"embeddable":true,"href":"https:\/\/media-germany.com\/fr\/wp-json\/wp\/v2\/comments?post=4418"}],"version-history":[{"count":2,"href":"https:\/\/media-germany.com\/fr\/wp-json\/wp\/v2\/product\/4418\/revisions"}],"predecessor-version":[{"id":4597,"href":"https:\/\/media-germany.com\/fr\/wp-json\/wp\/v2\/product\/4418\/revisions\/4597"}],"wp:featuredmedia":[{"embeddable":true,"href":"https:\/\/media-germany.com\/fr\/wp-json\/wp\/v2\/media\/4420"}],"wp:attachment":[{"href":"https:\/\/media-germany.com\/fr\/wp-json\/wp\/v2\/media?parent=4418"}],"wp:term":[{"taxonomy":"product_brand","embeddable":true,"href":"https:\/\/media-germany.com\/fr\/wp-json\/wp\/v2\/product_brand?post=4418"},{"taxonomy":"product_cat","embeddable":true,"href":"https:\/\/media-germany.com\/fr\/wp-json\/wp\/v2\/product_cat?post=4418"},{"taxonomy":"product_tag","embeddable":true,"href":"https:\/\/media-germany.com\/fr\/wp-json\/wp\/v2\/product_tag?post=4418"}],"curies":[{"name":"wp","href":"https:\/\/api.w.org\/{rel}","templated":true}]}}