{"id":4412,"date":"2025-10-09T11:03:05","date_gmt":"2025-10-09T11:03:05","guid":{"rendered":"https:\/\/media-germany.com\/?post_type=product&#038;p=4412"},"modified":"2025-10-14T07:35:17","modified_gmt":"2025-10-14T07:35:17","slug":"travelers-club-grand-sac-de-voyage-a-roulettes-pliable","status":"publish","type":"product","link":"https:\/\/media-germany.com\/fr\/produit\/travelers-club-grand-sac-de-voyage-a-roulettes-pliable\/","title":{"rendered":"Grand Sac de Voyage \u00e0 Roulettes Pliable"},"content":{"rendered":"<h3 data-start=\"149\" data-end=\"223\"><strong data-start=\"153\" data-end=\"221\">Grand Sac de Voyage \u00e0 Roulettes Pliable (81 cm)<\/strong><\/h3>\n<p data-start=\"225\" data-end=\"537\"><strong data-start=\"225\" data-end=\"242\">Description :<\/strong><br data-start=\"242\" data-end=\"245\" \/>Le sac de voyage\u00a0combine grande capacit\u00e9, solidit\u00e9 et praticit\u00e9. Con\u00e7u pour les voyages fr\u00e9quents, il se plie facilement lorsqu\u2019il n\u2019est pas utilis\u00e9 et offre un espace g\u00e9n\u00e9reux pour vos v\u00eatements et accessoires. Id\u00e9al pour les longs s\u00e9jours ou les d\u00e9placements prolong\u00e9s.<\/p>\n<p data-start=\"539\" data-end=\"563\"><strong data-start=\"539\" data-end=\"561\">Caract\u00e9ristiques :<\/strong><\/p>\n<ul data-start=\"564\" data-end=\"1166\">\n<li data-start=\"564\" data-end=\"652\">\n<p data-start=\"566\" data-end=\"652\"><strong data-start=\"566\" data-end=\"589\">Structure robuste :<\/strong> sangles larges et r\u00e9sistantes pour une durabilit\u00e9 renforc\u00e9e.<\/p>\n<\/li>\n<li data-start=\"653\" data-end=\"712\">\n<p data-start=\"655\" data-end=\"712\"><strong data-start=\"655\" data-end=\"679\">Poign\u00e9e rembourr\u00e9e :<\/strong> pour un transport confortable.<\/p>\n<\/li>\n<li data-start=\"713\" data-end=\"814\">\n<p data-start=\"715\" data-end=\"814\"><strong data-start=\"715\" data-end=\"736\">Roues int\u00e9gr\u00e9es :<\/strong> syst\u00e8me \u00e0 <strong data-start=\"747\" data-end=\"769\">roulettes en ligne<\/strong> pour un d\u00e9placement fluide et sans effort.<\/p>\n<\/li>\n<li data-start=\"815\" data-end=\"896\">\n<p data-start=\"817\" data-end=\"896\"><strong data-start=\"817\" data-end=\"843\">Poche avant pratique :<\/strong> pour un acc\u00e8s rapide aux accessoires ou documents.<\/p>\n<\/li>\n<li data-start=\"897\" data-end=\"1001\">\n<p data-start=\"899\" data-end=\"1001\"><strong data-start=\"899\" data-end=\"937\">Bandouli\u00e8re r\u00e9glable et amovible :<\/strong> pour porter le sac \u00e0 l\u2019\u00e9paule ou \u00e0 la main selon vos besoins.<\/p>\n<\/li>\n<li data-start=\"1002\" data-end=\"1093\">\n<p data-start=\"1004\" data-end=\"1093\"><strong data-start=\"1004\" data-end=\"1025\">Format spacieux :<\/strong> <strong data-start=\"1026\" data-end=\"1035\">81 cm<\/strong> (32 pouces) id\u00e9al pour transporter tous vos essentiels.<\/p>\n<\/li>\n<li data-start=\"1094\" data-end=\"1166\">\n<p data-start=\"1096\" data-end=\"1166\"><strong data-start=\"1096\" data-end=\"1116\">Design pliable :<\/strong> se replie facilement pour un rangement compact.<\/p>\n<\/li>\n<\/ul>","protected":false},"excerpt":{"rendered":"<p>Grand Sac de Voyage \u00e0 Roulettes Pliable (81 cm) Description :Le sac de voyage\u00a0combine grande capacit\u00e9, solidit\u00e9 et praticit\u00e9. Con\u00e7u pour les voyages fr\u00e9quents, il se plie facilement lorsqu\u2019il n\u2019est pas utilis\u00e9 et offre un espace g\u00e9n\u00e9reux pour vos v\u00eatements et accessoires. Id\u00e9al pour les longs s\u00e9jours ou les d\u00e9placements prolong\u00e9s. Caract\u00e9ristiques : Structure robuste : sangles larges et r\u00e9sistantes pour une durabilit\u00e9 renforc\u00e9e. Poign\u00e9e rembourr\u00e9e : pour un transport confortable. Roues int\u00e9gr\u00e9es : syst\u00e8me \u00e0 roulettes en ligne pour un d\u00e9placement fluide et sans effort. Poche avant pratique : pour un acc\u00e8s rapide aux accessoires ou documents. Bandouli\u00e8re r\u00e9glable et amovible : pour porter le sac \u00e0 l\u2019\u00e9paule ou \u00e0 la main selon vos besoins. Format spacieux : 81 cm (32 pouces) id\u00e9al pour transporter tous vos essentiels. Design pliable : se replie facilement pour un rangement compact.<\/p>","protected":false},"featured_media":4416,"comment_status":"open","ping_status":"closed","template":"","meta":{"_uag_custom_page_level_css":"","neve_meta_sidebar":"","neve_meta_container":"","neve_meta_enable_content_width":"off","neve_meta_content_width":100,"neve_meta_title_alignment":"","neve_meta_author_avatar":"","neve_post_elements_order":"","neve_meta_disable_header":"","neve_meta_disable_footer":"","neve_meta_disable_title":""},"product_brand":[],"product_cat":[40],"product_tag":[],"class_list":{"0":"post-4412","1":"product","2":"type-product","3":"status-publish","4":"has-post-thumbnail","6":"product_cat-sacs-et-bagageries","8":"first","9":"instock","10":"shipping-taxable","11":"purchasable","12":"product-type-simple"},"uagb_featured_image_src":{"full":["https:\/\/media-germany.com\/wp-content\/uploads\/2025\/10\/81jpNfFcJ0L._AC_SX679_-1.jpg",679,551,false],"thumbnail":["https:\/\/media-germany.com\/wp-content\/uploads\/2025\/10\/81jpNfFcJ0L._AC_SX679_-1-150x150.jpg",150,150,true],"medium":["https:\/\/media-germany.com\/wp-content\/uploads\/2025\/10\/81jpNfFcJ0L._AC_SX679_-1-300x243.jpg",300,243,true],"medium_large":["https:\/\/media-germany.com\/wp-content\/uploads\/2025\/10\/81jpNfFcJ0L._AC_SX679_-1.jpg",679,551,false],"large":["https:\/\/media-germany.com\/wp-content\/uploads\/2025\/10\/81jpNfFcJ0L._AC_SX679_-1.jpg",679,551,false],"1536x1536":["https:\/\/media-germany.com\/wp-content\/uploads\/2025\/10\/81jpNfFcJ0L._AC_SX679_-1.jpg",679,551,false],"2048x2048":["https:\/\/media-germany.com\/wp-content\/uploads\/2025\/10\/81jpNfFcJ0L._AC_SX679_-1.jpg",679,551,false],"trp-custom-language-flag":["https:\/\/media-germany.com\/wp-content\/uploads\/2025\/10\/81jpNfFcJ0L._AC_SX679_-1-15x12.jpg",15,12,true],"neve-blog":["https:\/\/media-germany.com\/wp-content\/uploads\/2025\/10\/81jpNfFcJ0L._AC_SX679_-1.jpg",679,551,false],"woocommerce_thumbnail":["https:\/\/media-germany.com\/wp-content\/uploads\/2025\/10\/81jpNfFcJ0L._AC_SX679_-1-300x300.jpg",300,300,true],"woocommerce_single":["https:\/\/media-germany.com\/wp-content\/uploads\/2025\/10\/81jpNfFcJ0L._AC_SX679_-1.jpg",679,551,false],"woocommerce_gallery_thumbnail":["https:\/\/media-germany.com\/wp-content\/uploads\/2025\/10\/81jpNfFcJ0L._AC_SX679_-1-100x100.jpg",100,100,true]},"uagb_author_info":{"display_name":"hostinghostinger03@gmail.com","author_link":"https:\/\/media-germany.com\/fr\/author\/"},"uagb_comment_info":0,"uagb_excerpt":"Grand Sac de Voyage \u00e0 Roulettes Pliable (81 cm) Description :Le sac de voyage\u00a0combine grande capacit\u00e9, solidit\u00e9 et praticit\u00e9. Con\u00e7u pour les voyages fr\u00e9quents, il se plie facilement lorsqu\u2019il n\u2019est pas utilis\u00e9 et offre un espace g\u00e9n\u00e9reux pour vos v\u00eatements et accessoires. Id\u00e9al pour les longs s\u00e9jours ou les d\u00e9placements prolong\u00e9s. Caract\u00e9ristiques : Structure robuste\u2026","_links":{"self":[{"href":"https:\/\/media-germany.com\/fr\/wp-json\/wp\/v2\/product\/4412","targetHints":{"allow":["GET"]}}],"collection":[{"href":"https:\/\/media-germany.com\/fr\/wp-json\/wp\/v2\/product"}],"about":[{"href":"https:\/\/media-germany.com\/fr\/wp-json\/wp\/v2\/types\/product"}],"replies":[{"embeddable":true,"href":"https:\/\/media-germany.com\/fr\/wp-json\/wp\/v2\/comments?post=4412"}],"version-history":[{"count":2,"href":"https:\/\/media-germany.com\/fr\/wp-json\/wp\/v2\/product\/4412\/revisions"}],"predecessor-version":[{"id":4588,"href":"https:\/\/media-germany.com\/fr\/wp-json\/wp\/v2\/product\/4412\/revisions\/4588"}],"wp:featuredmedia":[{"embeddable":true,"href":"https:\/\/media-germany.com\/fr\/wp-json\/wp\/v2\/media\/4416"}],"wp:attachment":[{"href":"https:\/\/media-germany.com\/fr\/wp-json\/wp\/v2\/media?parent=4412"}],"wp:term":[{"taxonomy":"product_brand","embeddable":true,"href":"https:\/\/media-germany.com\/fr\/wp-json\/wp\/v2\/product_brand?post=4412"},{"taxonomy":"product_cat","embeddable":true,"href":"https:\/\/media-germany.com\/fr\/wp-json\/wp\/v2\/product_cat?post=4412"},{"taxonomy":"product_tag","embeddable":true,"href":"https:\/\/media-germany.com\/fr\/wp-json\/wp\/v2\/product_tag?post=4412"}],"curies":[{"name":"wp","href":"https:\/\/api.w.org\/{rel}","templated":true}]}}