{"id":4408,"date":"2025-10-09T09:08:36","date_gmt":"2025-10-09T09:08:36","guid":{"rendered":"https:\/\/media-germany.com\/?post_type=product&#038;p=4408"},"modified":"2025-10-09T09:09:05","modified_gmt":"2025-10-09T09:09:05","slug":"sac-a-dos-de-voyage-hommes-femmes","status":"publish","type":"product","link":"https:\/\/media-germany.com\/fr\/produit\/sac-a-dos-de-voyage-hommes-femmes\/","title":{"rendered":"Sac \u00e0 Dos de Voyage \u2013 Hommes &#038; Femmes"},"content":{"rendered":"<h3 data-start=\"136\" data-end=\"220\"><strong data-start=\"140\" data-end=\"220\">Sac \u00e0 Dos de Voyage \u2013 Hommes &amp; Femmes | Cabine, Imperm\u00e9able et Multifonction<\/strong><\/h3>\n<p data-start=\"222\" data-end=\"615\"><strong data-start=\"222\" data-end=\"239\">Description :<\/strong><br data-start=\"239\" data-end=\"242\" \/>Sac \u00e0 dos de voyage \u00e9l\u00e9gant et fonctionnel, id\u00e9al pour les courts s\u00e9jours, les voyages d\u2019affaires ou les escapades du week-end.<br data-start=\"369\" data-end=\"372\" \/>Son design pratique offre un grand espace de rangement, une ouverture \u00e0 180\u00b0 et un confort optimal pour vos d\u00e9placements.<br data-start=\"493\" data-end=\"496\" \/>R\u00e9sistant \u00e0 l\u2019eau et conforme au format cabine, il est pens\u00e9 pour vous accompagner partout, avec style et efficacit\u00e9.<\/p>\n<p data-start=\"617\" data-end=\"641\"><strong data-start=\"617\" data-end=\"639\">Caract\u00e9ristiques :<\/strong><\/p>\n<ul data-start=\"642\" data-end=\"1476\">\n<li data-start=\"642\" data-end=\"753\">\n<p data-start=\"644\" data-end=\"753\"><strong data-start=\"644\" data-end=\"665\">Grande capacit\u00e9 :<\/strong> compartiment principal pouvant contenir plusieurs v\u00eatements et accessoires de voyage.<\/p>\n<\/li>\n<li data-start=\"754\" data-end=\"868\">\n<p data-start=\"756\" data-end=\"868\"><strong data-start=\"756\" data-end=\"785\">Compartiment ordinateur :<\/strong> espace rembourr\u00e9 compatible avec un <strong data-start=\"822\" data-end=\"865\">ordinateur portable jusqu\u2019\u00e0 15,6 pouces<\/strong>.<\/p>\n<\/li>\n<li data-start=\"869\" data-end=\"964\">\n<p data-start=\"871\" data-end=\"964\"><strong data-start=\"871\" data-end=\"902\">Compartiment \u00e0 chaussures :<\/strong> section s\u00e9par\u00e9e pour garder vos chaussures \u00e0 part du reste.<\/p>\n<\/li>\n<li data-start=\"965\" data-end=\"1051\">\n<p data-start=\"967\" data-end=\"1051\"><strong data-start=\"967\" data-end=\"986\">Poche \u00e9tanche :<\/strong> id\u00e9ale pour les articles mouill\u00e9s ou les produits de toilette.<\/p>\n<\/li>\n<li data-start=\"1052\" data-end=\"1159\">\n<p data-start=\"1054\" data-end=\"1159\"><strong data-start=\"1054\" data-end=\"1076\">Port USB int\u00e9gr\u00e9 :<\/strong> permet de recharger vos appareils en d\u00e9placement (batterie externe non incluse).<\/p>\n<\/li>\n<li data-start=\"1160\" data-end=\"1249\">\n<p data-start=\"1162\" data-end=\"1249\"><strong data-start=\"1162\" data-end=\"1184\">Ouverture \u00e0 180\u00b0 :<\/strong> facilite le rangement et le passage aux contr\u00f4les de s\u00e9curit\u00e9.<\/p>\n<\/li>\n<li data-start=\"1250\" data-end=\"1349\">\n<p data-start=\"1252\" data-end=\"1349\"><strong data-start=\"1252\" data-end=\"1271\">Format cabine :<\/strong> conforme aux dimensions autoris\u00e9es par la plupart des compagnies a\u00e9riennes.<\/p>\n<\/li>\n<li data-start=\"1350\" data-end=\"1476\">\n<p data-start=\"1352\" data-end=\"1476\"><strong data-start=\"1352\" data-end=\"1374\">Confort renforc\u00e9 :<\/strong> bretelles rembourr\u00e9es, dos respirant et tissu imperm\u00e9able pour une utilisation durable et agr\u00e9able.<\/p>\n<\/li>\n<\/ul>","protected":false},"excerpt":{"rendered":"<p>Sac \u00e0 Dos de Voyage \u2013 Hommes &amp; Femmes | Cabine, Imperm\u00e9able et Multifonction Description :Sac \u00e0 dos de voyage \u00e9l\u00e9gant et fonctionnel, id\u00e9al pour les courts s\u00e9jours, les voyages d\u2019affaires ou les escapades du week-end.Son design pratique offre un grand espace de rangement, une ouverture \u00e0 180\u00b0 et un confort optimal pour vos d\u00e9placements.R\u00e9sistant \u00e0 l\u2019eau et conforme au format cabine, il est pens\u00e9 pour vous accompagner partout, avec style et efficacit\u00e9. Caract\u00e9ristiques : Grande capacit\u00e9 : compartiment principal pouvant contenir plusieurs v\u00eatements et accessoires de voyage. Compartiment ordinateur : espace rembourr\u00e9 compatible avec un ordinateur portable jusqu\u2019\u00e0 15,6 pouces. Compartiment \u00e0 chaussures : section s\u00e9par\u00e9e pour garder vos chaussures \u00e0 part du reste. Poche \u00e9tanche : id\u00e9ale pour les articles mouill\u00e9s ou les produits de toilette. Port USB int\u00e9gr\u00e9 : permet de recharger vos appareils en d\u00e9placement (batterie externe non incluse). Ouverture \u00e0 180\u00b0 : facilite le rangement et le passage aux contr\u00f4les de s\u00e9curit\u00e9. Format cabine : conforme aux dimensions autoris\u00e9es par la plupart des compagnies a\u00e9riennes. Confort renforc\u00e9 : bretelles rembourr\u00e9es, dos respirant et tissu imperm\u00e9able pour une utilisation durable et agr\u00e9able.<\/p>","protected":false},"featured_media":4410,"comment_status":"open","ping_status":"closed","template":"","meta":{"_uag_custom_page_level_css":"","neve_meta_sidebar":"","neve_meta_container":"","neve_meta_enable_content_width":"off","neve_meta_content_width":100,"neve_meta_title_alignment":"","neve_meta_author_avatar":"","neve_post_elements_order":"","neve_meta_disable_header":"","neve_meta_disable_footer":"","neve_meta_disable_title":""},"product_brand":[],"product_cat":[40],"product_tag":[],"class_list":{"0":"post-4408","1":"product","2":"type-product","3":"status-publish","4":"has-post-thumbnail","6":"product_cat-sacs-et-bagageries","8":"first","9":"instock","10":"shipping-taxable","11":"purchasable","12":"product-type-simple"},"uagb_featured_image_src":{"full":["https:\/\/media-germany.com\/wp-content\/uploads\/2025\/10\/71W0c-b6v1L._AC_SL1500_.jpg",1500,1245,false],"thumbnail":["https:\/\/media-germany.com\/wp-content\/uploads\/2025\/10\/71W0c-b6v1L._AC_SL1500_-150x150.jpg",150,150,true],"medium":["https:\/\/media-germany.com\/wp-content\/uploads\/2025\/10\/71W0c-b6v1L._AC_SL1500_-300x249.jpg",300,249,true],"medium_large":["https:\/\/media-germany.com\/wp-content\/uploads\/2025\/10\/71W0c-b6v1L._AC_SL1500_-768x637.jpg",768,637,true],"large":["https:\/\/media-germany.com\/wp-content\/uploads\/2025\/10\/71W0c-b6v1L._AC_SL1500_-1024x850.jpg",1024,850,true],"1536x1536":["https:\/\/media-germany.com\/wp-content\/uploads\/2025\/10\/71W0c-b6v1L._AC_SL1500_.jpg",1500,1245,false],"2048x2048":["https:\/\/media-germany.com\/wp-content\/uploads\/2025\/10\/71W0c-b6v1L._AC_SL1500_.jpg",1500,1245,false],"trp-custom-language-flag":["https:\/\/media-germany.com\/wp-content\/uploads\/2025\/10\/71W0c-b6v1L._AC_SL1500_-14x12.jpg",14,12,true],"neve-blog":["https:\/\/media-germany.com\/wp-content\/uploads\/2025\/10\/71W0c-b6v1L._AC_SL1500_-930x620.jpg",930,620,true],"woocommerce_thumbnail":["https:\/\/media-germany.com\/wp-content\/uploads\/2025\/10\/71W0c-b6v1L._AC_SL1500_-300x300.jpg",300,300,true],"woocommerce_single":["https:\/\/media-germany.com\/wp-content\/uploads\/2025\/10\/71W0c-b6v1L._AC_SL1500_-1000x830.jpg",1000,830,true],"woocommerce_gallery_thumbnail":["https:\/\/media-germany.com\/wp-content\/uploads\/2025\/10\/71W0c-b6v1L._AC_SL1500_-100x100.jpg",100,100,true]},"uagb_author_info":{"display_name":"hostinghostinger03@gmail.com","author_link":"https:\/\/media-germany.com\/fr\/author\/"},"uagb_comment_info":0,"uagb_excerpt":"Sac \u00e0 Dos de Voyage \u2013 Hommes &amp; Femmes | Cabine, Imperm\u00e9able et Multifonction Description :Sac \u00e0 dos de voyage \u00e9l\u00e9gant et fonctionnel, id\u00e9al pour les courts s\u00e9jours, les voyages d\u2019affaires ou les escapades du week-end.Son design pratique offre un grand espace de rangement, une ouverture \u00e0 180\u00b0 et un confort optimal pour vos d\u00e9placements.R\u00e9sistant\u2026","_links":{"self":[{"href":"https:\/\/media-germany.com\/fr\/wp-json\/wp\/v2\/product\/4408","targetHints":{"allow":["GET"]}}],"collection":[{"href":"https:\/\/media-germany.com\/fr\/wp-json\/wp\/v2\/product"}],"about":[{"href":"https:\/\/media-germany.com\/fr\/wp-json\/wp\/v2\/types\/product"}],"replies":[{"embeddable":true,"href":"https:\/\/media-germany.com\/fr\/wp-json\/wp\/v2\/comments?post=4408"}],"version-history":[{"count":1,"href":"https:\/\/media-germany.com\/fr\/wp-json\/wp\/v2\/product\/4408\/revisions"}],"predecessor-version":[{"id":4411,"href":"https:\/\/media-germany.com\/fr\/wp-json\/wp\/v2\/product\/4408\/revisions\/4411"}],"wp:featuredmedia":[{"embeddable":true,"href":"https:\/\/media-germany.com\/fr\/wp-json\/wp\/v2\/media\/4410"}],"wp:attachment":[{"href":"https:\/\/media-germany.com\/fr\/wp-json\/wp\/v2\/media?parent=4408"}],"wp:term":[{"taxonomy":"product_brand","embeddable":true,"href":"https:\/\/media-germany.com\/fr\/wp-json\/wp\/v2\/product_brand?post=4408"},{"taxonomy":"product_cat","embeddable":true,"href":"https:\/\/media-germany.com\/fr\/wp-json\/wp\/v2\/product_cat?post=4408"},{"taxonomy":"product_tag","embeddable":true,"href":"https:\/\/media-germany.com\/fr\/wp-json\/wp\/v2\/product_tag?post=4408"}],"curies":[{"name":"wp","href":"https:\/\/api.w.org\/{rel}","templated":true}]}}