{"id":4395,"date":"2025-10-09T08:31:35","date_gmt":"2025-10-09T08:31:35","guid":{"rendered":"https:\/\/media-germany.com\/?post_type=product&#038;p=4395"},"modified":"2025-10-14T07:40:59","modified_gmt":"2025-10-14T07:40:59","slug":"sac-a-dos-de-voyage-pliable","status":"publish","type":"product","link":"https:\/\/media-germany.com\/fr\/produit\/sac-a-dos-de-voyage-pliable\/","title":{"rendered":"Sac \u00e0 dos de voyage pliable"},"content":{"rendered":"<h4>Sac \u00e0 dos de voyage pliable<\/h4>\n<ul>\n<li>Dimensions :<\/li>\n<\/ul>\n<p>16 x 17 x 5 cm (pli\u00e9)<\/p>\n<p>31 x 41 x 13 cm (d\u00e9pli\u00e9)<\/p>\n<p>&nbsp;<\/p>\n<ul>\n<li>Poids : 0.18 kg<\/li>\n<li>Sac tr\u00e8s l\u00e9ger, qui se plie dans la petite poche pour un rangement facile<\/li>\n<li>Poche avant pour un acc\u00e8s facile<\/li>\n<li>Deux poches \u00e9lastiques sur le c\u00f4t\u00e9, id\u00e9al pour bouteille ou gourde<\/li>\n<li>Double bandouli\u00e8re arri\u00e8re<\/li>\n<\/ul>","protected":false},"excerpt":{"rendered":"<p>Sac \u00e0 dos de voyage pliable Dimensions : 16 x 17 x 5 cm (pli\u00e9) 31 x 41 x 13 cm (d\u00e9pli\u00e9) &nbsp; Poids : 0.18 kg Sac tr\u00e8s l\u00e9ger, qui se plie dans la petite poche pour un rangement facile Poche avant pour un acc\u00e8s facile Deux poches \u00e9lastiques sur le c\u00f4t\u00e9, id\u00e9al pour bouteille ou gourde Double bandouli\u00e8re arri\u00e8re<\/p>","protected":false},"featured_media":4397,"comment_status":"open","ping_status":"closed","template":"","meta":{"_uag_custom_page_level_css":"","neve_meta_sidebar":"","neve_meta_container":"","neve_meta_enable_content_width":"off","neve_meta_content_width":100,"neve_meta_title_alignment":"","neve_meta_author_avatar":"","neve_post_elements_order":"","neve_meta_disable_header":"","neve_meta_disable_footer":"","neve_meta_disable_title":""},"product_brand":[],"product_cat":[40],"product_tag":[],"class_list":{"0":"post-4395","1":"product","2":"type-product","3":"status-publish","4":"has-post-thumbnail","6":"product_cat-sacs-et-bagageries","8":"first","9":"instock","10":"shipping-taxable","11":"purchasable","12":"product-type-simple"},"uagb_featured_image_src":{"full":["https:\/\/media-germany.com\/wp-content\/uploads\/2025\/10\/97105-12-jump-sac-dos-pliable.webp",600,600,false],"thumbnail":["https:\/\/media-germany.com\/wp-content\/uploads\/2025\/10\/97105-12-jump-sac-dos-pliable-150x150.webp",150,150,true],"medium":["https:\/\/media-germany.com\/wp-content\/uploads\/2025\/10\/97105-12-jump-sac-dos-pliable-300x300.webp",300,300,true],"medium_large":["https:\/\/media-germany.com\/wp-content\/uploads\/2025\/10\/97105-12-jump-sac-dos-pliable.webp",600,600,false],"large":["https:\/\/media-germany.com\/wp-content\/uploads\/2025\/10\/97105-12-jump-sac-dos-pliable.webp",600,600,false],"1536x1536":["https:\/\/media-germany.com\/wp-content\/uploads\/2025\/10\/97105-12-jump-sac-dos-pliable.webp",600,600,false],"2048x2048":["https:\/\/media-germany.com\/wp-content\/uploads\/2025\/10\/97105-12-jump-sac-dos-pliable.webp",600,600,false],"trp-custom-language-flag":["https:\/\/media-germany.com\/wp-content\/uploads\/2025\/10\/97105-12-jump-sac-dos-pliable-12x12.webp",12,12,true],"neve-blog":["https:\/\/media-germany.com\/wp-content\/uploads\/2025\/10\/97105-12-jump-sac-dos-pliable.webp",600,600,false],"woocommerce_thumbnail":["https:\/\/media-germany.com\/wp-content\/uploads\/2025\/10\/97105-12-jump-sac-dos-pliable-300x300.webp",300,300,true],"woocommerce_single":["https:\/\/media-germany.com\/wp-content\/uploads\/2025\/10\/97105-12-jump-sac-dos-pliable.webp",600,600,false],"woocommerce_gallery_thumbnail":["https:\/\/media-germany.com\/wp-content\/uploads\/2025\/10\/97105-12-jump-sac-dos-pliable-100x100.webp",100,100,true]},"uagb_author_info":{"display_name":"hostinghostinger03@gmail.com","author_link":"https:\/\/media-germany.com\/fr\/author\/"},"uagb_comment_info":0,"uagb_excerpt":"Sac \u00e0 dos de voyage pliable Dimensions : 16 x 17 x 5 cm (pli\u00e9) 31 x 41 x 13 cm (d\u00e9pli\u00e9) &nbsp; Poids : 0.18 kg Sac tr\u00e8s l\u00e9ger, qui se plie dans la petite poche pour un rangement facile Poche avant pour un acc\u00e8s facile Deux poches \u00e9lastiques sur le c\u00f4t\u00e9, id\u00e9al pour\u2026","_links":{"self":[{"href":"https:\/\/media-germany.com\/fr\/wp-json\/wp\/v2\/product\/4395","targetHints":{"allow":["GET"]}}],"collection":[{"href":"https:\/\/media-germany.com\/fr\/wp-json\/wp\/v2\/product"}],"about":[{"href":"https:\/\/media-germany.com\/fr\/wp-json\/wp\/v2\/types\/product"}],"replies":[{"embeddable":true,"href":"https:\/\/media-germany.com\/fr\/wp-json\/wp\/v2\/comments?post=4395"}],"version-history":[{"count":2,"href":"https:\/\/media-germany.com\/fr\/wp-json\/wp\/v2\/product\/4395\/revisions"}],"predecessor-version":[{"id":4593,"href":"https:\/\/media-germany.com\/fr\/wp-json\/wp\/v2\/product\/4395\/revisions\/4593"}],"wp:featuredmedia":[{"embeddable":true,"href":"https:\/\/media-germany.com\/fr\/wp-json\/wp\/v2\/media\/4397"}],"wp:attachment":[{"href":"https:\/\/media-germany.com\/fr\/wp-json\/wp\/v2\/media?parent=4395"}],"wp:term":[{"taxonomy":"product_brand","embeddable":true,"href":"https:\/\/media-germany.com\/fr\/wp-json\/wp\/v2\/product_brand?post=4395"},{"taxonomy":"product_cat","embeddable":true,"href":"https:\/\/media-germany.com\/fr\/wp-json\/wp\/v2\/product_cat?post=4395"},{"taxonomy":"product_tag","embeddable":true,"href":"https:\/\/media-germany.com\/fr\/wp-json\/wp\/v2\/product_tag?post=4395"}],"curies":[{"name":"wp","href":"https:\/\/api.w.org\/{rel}","templated":true}]}}