{"id":3634,"date":"2025-10-08T06:11:59","date_gmt":"2025-10-08T06:11:59","guid":{"rendered":"https:\/\/media-germany.com\/?page_id=3634"},"modified":"2025-10-09T12:10:44","modified_gmt":"2025-10-09T12:10:44","slug":"mentions-legales","status":"publish","type":"page","link":"https:\/\/media-germany.com\/fr\/mentions-legales\/","title":{"rendered":"Mentions l\u00e9gales"},"content":{"rendered":"<div data-elementor-type=\"wp-page\" data-elementor-id=\"3634\" class=\"elementor elementor-3634\">\n\t\t\t\t<div class=\"elementor-element elementor-element-19734da e-flex e-con-boxed wpr-particle-no wpr-jarallax-no wpr-parallax-no wpr-sticky-section-no e-con e-parent\" data-id=\"19734da\" data-element_type=\"container\">\n\t\t\t\t\t<div class=\"e-con-inner\">\n\t\t\t\t<div class=\"elementor-element elementor-element-859268f elementor-widget elementor-widget-text-editor\" data-id=\"859268f\" data-element_type=\"widget\" data-widget_type=\"text-editor.default\">\n\t\t\t\t<div class=\"elementor-widget-container\">\n\t\t\t\t\t\t\t\t\t<p><strong>Mentions l\u00e9gales<\/strong><\/p><ol><li>Ce site internet est \u00e9dit\u00e9 par <strong>Anthony CLEKA<\/strong><strong>\u00a0<\/strong>dont le si\u00e8ge social est situ\u00e9 \u00e0 <strong>6 Avenue du Professeur Vincent, 33310 Lormont.<\/strong><\/li><\/ol><p><strong>SIRET : 94536920500014.<\/strong><\/p><p>Le directeur de la publication est <strong>Anthony CLEKA<\/strong><\/p><p>H\u00c9BERGEMENT<\/p><p><strong class=\"Yjhzub\" data-processed=\"true\">Verpex Hosting Ltd<\/strong>,\u00a0<strong class=\"Yjhzub\" data-processed=\"true\">Purlieus Barn, Ewen, Cirencester, GL7 6BY<\/strong>\u00a0<\/p><ol><li>Pour toute information ou conseil, vous pouvez nous contacter directement :<\/li><\/ol><p>\u2013 Par t\u00e9l\u00e9phone, par mail, par les messageries de r\u00e9seaux sociaux ou via notre page de contact.<\/p><p>III. <strong>Anthony CLEKA<\/strong><strong>\u00a0<\/strong>met tout en \u0153uvre pour offrir \u00e0 ses utilisateurs la meilleure exp\u00e9rience de navigation possible ainsi que des informations compl\u00e8tes et pertinentes. Dans le cas o\u00f9 vous remarqueriez un contenu inappropri\u00e9 ou illicite, nous vous invitons \u00e0 nous le signaler \u00e0 l\u2019adresse suivante : <strong>contact@media-germany.com<\/strong><strong>.<\/strong><\/p><ol><li>Nous vous rappelons que nos conditions g\u00e9n\u00e9rales de vente sont accessibles \u00e0 tout moment pendant votre navigation au bas de chacune des pages de notre Site, en cliquant sur le lien \u00ab <a href=\"https:\/\/media-germany.com\/fr\/conditions-generales-de-ventes\/\">Conditions G\u00e9n\u00e9rales de Vente<\/a>\u00a0<\/li><\/ol><ol><li>Nous sommes tenus d\u2019une obligation de moyens concernant les informations que nous mettons \u00e0 votre disposition et nous effectuons toutes les d\u00e9marches pour nous assurer de la fiabilit\u00e9 de ces informations sur notre site. Malgr\u00e9 une veille et une mise \u00e0 jour p\u00e9riodique, <strong>Media Germany<\/strong>\u00a0ne peut encourir de responsabilit\u00e9 du fait d\u2019inexactitudes techniques, erreurs typographiques ou omissions que le contenu du site peut comporter ou pour les r\u00e9sultats qui pourraient \u00eatre obtenus par l&#8217;usage de ces informations. Si vous constatez ce type de probl\u00e8me, vous pouvez nous en faire part.<\/li><li>R\u00e9seau Internet<\/li><\/ol><p>Il est rappel\u00e9 que le secret des correspondances n\u2019est pas garanti sur le r\u00e9seau Internet et qu\u2019il appartient \u00e0 chaque utilisateur d\u2019Internet de prendre toutes les mesures appropri\u00e9es de fa\u00e7on \u00e0 prot\u00e9ger ses propres donn\u00e9es et\/ou logiciels de la contamination d\u2019\u00e9ventuels virus circulant sur Internet.<\/p><p>VII. Donn\u00e9es personnelles<\/p><p>Toutes les informations de votre compte ne sont utilis\u00e9es que dans le cadre de votre relation commerciale avec <strong>Media Germany<\/strong>. Ces informations ne sont jamais partag\u00e9es avec des tiers ou revendues. Conform\u00e9ment aux dispositions de la loi n\u00b0 78-17 du 6 janvier 1978 relative \u00e0 l\u2019informatique, aux fichiers et aux libert\u00e9s, le site a fait l\u2019objet d\u2019une d\u00e9claration \u00e0 la CNIL (Commission Nationale Informatique et Libert\u00e9s), sous le r\u00e9c\u00e9piss\u00e9 n\u00b0 1977133 v 0 le 18 Juillet 2016. Conform\u00e9ment \u00e0 cette loi vous disposez d&#8217;un droit d&#8217;acc\u00e8s, de modification, de rectification et de suppression pour toute information vous concernant.<\/p><p>Vous pouvez exercer directement ce droit en adressant via notre formulaire de contact ou en envoyant un courrier \u00e0 l\u2019adresse suivante :<\/p><p><strong>Anthony CLEKA<\/strong><\/p><p><strong>6 Avenue du Professeur Vincent, 33310 Lormont,<\/strong><\/p><p>Il vous est \u00e9galement possible de modifier vos informations personnelles \u00e0 partir de la rubrique \u00ab mon compte \u00bb. D\u2019autre part, vous pouvez vous d\u00e9sabonner de la Newsletter <strong>Media Germany<\/strong>\u00a0gr\u00e2ce au lien de d\u00e9sabonnement situ\u00e9 en pied de page de chaque Newsletter.<\/p><p>Nous recueillons seulement les informations indispensables, nous permettant un traitement de qualit\u00e9 et un suivi attentif de votre commande. L&#8217;ensemble des informations ne sont pas obligatoires, mais il vous est recommand\u00e9 de tous les remplir afin de permettre \u00e0 nos \u00e9quipes de mieux vous satisfaire.<\/p><p>VIII. Liens avec les sites tiers<\/p><p>Les sites reli\u00e9s directement ou indirectement \u00e0 <strong>Media Germany<\/strong>\u00a0ne sont pas sous le contr\u00f4le de notre soci\u00e9t\u00e9. En cons\u00e9quence, la soci\u00e9t\u00e9 n&#8217;assume aucune responsabilit\u00e9 quant aux informations publi\u00e9es sur ces sites. Les liens avec des sites tiers ne sont fournis qu&#8217;\u00e0 titre de commodit\u00e9 et n&#8217;impliquent aucune caution quant \u00e0 leur contenu. La violation de l&#8217;un des droits d&#8217;auteur de l&#8217;\u0153uvre est un d\u00e9lit de contrefa\u00e7on passible, aux termes de l&#8217;article L.335-2 du Code de la Propri\u00e9t\u00e9 Intellectuelle, de 3 ans d&#8217;emprisonnement et de 300 000 \u20ac d&#8217;amende.<\/p>\t\t\t\t\t\t\t\t<\/div>\n\t\t\t\t<\/div>\n\t\t\t\t\t<\/div>\n\t\t\t\t<\/div>\n\t\t\t\t<\/div>","protected":false},"excerpt":{"rendered":"<p>Mentions l\u00e9gales Ce site internet est \u00e9dit\u00e9 par Anthony CLEKA\u00a0dont le si\u00e8ge social est situ\u00e9 \u00e0 6 Avenue du Professeur Vincent, 33310 Lormont. SIRET : 94536920500014. Le directeur de la publication est Anthony CLEKA H\u00c9BERGEMENT Verpex Hosting Ltd,\u00a0Purlieus Barn, Ewen, Cirencester, GL7 6BY\u00a0 Pour toute information ou conseil, vous pouvez nous contacter directement : \u2013 Par t\u00e9l\u00e9phone, par mail, par les messageries de r\u00e9seaux sociaux ou via notre page de contact. III. Anthony CLEKA\u00a0met tout en \u0153uvre pour offrir \u00e0 ses utilisateurs la meilleure exp\u00e9rience de navigation possible ainsi que des informations compl\u00e8tes et pertinentes. Dans le cas o\u00f9 vous remarqueriez un contenu inappropri\u00e9 ou illicite, nous vous invitons \u00e0 nous le signaler \u00e0 l\u2019adresse suivante : contact@media-germany.com. Nous vous rappelons que nos conditions g\u00e9n\u00e9rales de vente sont accessibles \u00e0 tout moment pendant votre navigation au bas de chacune des pages de notre Site, en cliquant sur le lien \u00ab Conditions G\u00e9n\u00e9rales de Vente\u00a0 Nous sommes tenus d\u2019une obligation de moyens concernant les informations que nous mettons \u00e0 votre disposition et nous effectuons toutes les d\u00e9marches pour nous assurer de la fiabilit\u00e9 de ces informations sur notre site. Malgr\u00e9 une veille et une mise \u00e0 jour p\u00e9riodique, Media Germany\u00a0ne peut encourir de responsabilit\u00e9 du fait d\u2019inexactitudes techniques, erreurs typographiques ou omissions que le contenu du site peut comporter ou pour les r\u00e9sultats qui pourraient \u00eatre obtenus par l&#8217;usage de ces informations. Si vous constatez ce type de probl\u00e8me, vous pouvez nous en faire part. R\u00e9seau Internet Il est rappel\u00e9 que le secret des correspondances n\u2019est pas garanti sur le r\u00e9seau Internet et qu\u2019il appartient \u00e0 chaque utilisateur d\u2019Internet de prendre toutes les mesures appropri\u00e9es de fa\u00e7on \u00e0 prot\u00e9ger ses propres donn\u00e9es et\/ou logiciels de la contamination d\u2019\u00e9ventuels virus circulant sur Internet. VII. Donn\u00e9es personnelles Toutes les informations de votre compte ne sont utilis\u00e9es que dans le cadre de votre relation commerciale avec Media Germany. Ces informations ne sont jamais partag\u00e9es avec des tiers ou revendues. Conform\u00e9ment aux dispositions de la loi n\u00b0 78-17 du 6 janvier 1978 relative \u00e0 l\u2019informatique, aux fichiers et aux libert\u00e9s, le site a fait l\u2019objet d\u2019une d\u00e9claration \u00e0 la CNIL (Commission Nationale Informatique et Libert\u00e9s), sous le r\u00e9c\u00e9piss\u00e9 n\u00b0 1977133 v 0 le 18 Juillet 2016. Conform\u00e9ment \u00e0 cette loi vous disposez d&#8217;un droit d&#8217;acc\u00e8s, de modification, de rectification et de suppression pour toute information vous concernant. Vous pouvez exercer directement ce droit en adressant via notre formulaire de contact ou en envoyant un courrier \u00e0 l\u2019adresse suivante : Anthony CLEKA 6 Avenue du Professeur Vincent, 33310 Lormont, Il vous est \u00e9galement possible de modifier vos informations personnelles \u00e0 partir de la rubrique \u00ab mon compte \u00bb. D\u2019autre part, vous pouvez vous d\u00e9sabonner de la Newsletter Media Germany\u00a0gr\u00e2ce au lien de d\u00e9sabonnement situ\u00e9 en pied de page de chaque Newsletter. Nous recueillons seulement les informations indispensables, nous permettant un traitement de qualit\u00e9 et un suivi attentif de votre commande. L&#8217;ensemble des informations ne sont pas obligatoires, mais il vous est recommand\u00e9 de tous les remplir afin de permettre \u00e0 nos \u00e9quipes de mieux vous satisfaire. VIII. Liens avec les sites tiers Les sites reli\u00e9s directement ou indirectement \u00e0 Media Germany\u00a0ne sont pas sous le contr\u00f4le de notre soci\u00e9t\u00e9. En cons\u00e9quence, la soci\u00e9t\u00e9 n&#8217;assume aucune responsabilit\u00e9 quant aux informations publi\u00e9es sur ces sites. Les liens avec des sites tiers ne sont fournis qu&#8217;\u00e0 titre de commodit\u00e9 et n&#8217;impliquent aucune caution quant \u00e0 leur contenu. La violation de l&#8217;un des droits d&#8217;auteur de l&#8217;\u0153uvre est un d\u00e9lit de contrefa\u00e7on passible, aux termes de l&#8217;article L.335-2 du Code de la Propri\u00e9t\u00e9 Intellectuelle, de 3 ans d&#8217;emprisonnement et de 300 000 \u20ac d&#8217;amende.<\/p>","protected":false},"author":1,"featured_media":0,"parent":0,"menu_order":0,"comment_status":"closed","ping_status":"closed","template":"page-templates\/template-pagebuilder-full-width.php","meta":{"_uag_custom_page_level_css":"","neve_meta_sidebar":"","neve_meta_container":"","neve_meta_enable_content_width":"","neve_meta_content_width":0,"neve_meta_title_alignment":"","neve_meta_author_avatar":"","neve_post_elements_order":"","neve_meta_disable_header":"","neve_meta_disable_footer":"","neve_meta_disable_title":"","footnotes":""},"class_list":["post-3634","page","type-page","status-publish","hentry"],"uagb_featured_image_src":{"full":false,"thumbnail":false,"medium":false,"medium_large":false,"large":false,"1536x1536":false,"2048x2048":false,"trp-custom-language-flag":false,"neve-blog":false,"woocommerce_thumbnail":false,"woocommerce_single":false,"woocommerce_gallery_thumbnail":false},"uagb_author_info":{"display_name":"hostinghostinger03@gmail.com","author_link":"https:\/\/media-germany.com\/fr\/author\/hostinghostinger03gmail-com\/"},"uagb_comment_info":0,"uagb_excerpt":"Mentions l\u00e9gales Ce site internet est \u00e9dit\u00e9 par Anthony CLEKA\u00a0dont le si\u00e8ge social est situ\u00e9 \u00e0 6 Avenue du Professeur Vincent, 33310 Lormont. SIRET : 94536920500014. Le directeur de la publication est Anthony CLEKA H\u00c9BERGEMENT Verpex Hosting Ltd,\u00a0Purlieus Barn, Ewen, Cirencester, GL7 6BY\u00a0 Pour toute information ou conseil, vous pouvez nous contacter directement : \u2013\u2026","_links":{"self":[{"href":"https:\/\/media-germany.com\/fr\/wp-json\/wp\/v2\/pages\/3634","targetHints":{"allow":["GET"]}}],"collection":[{"href":"https:\/\/media-germany.com\/fr\/wp-json\/wp\/v2\/pages"}],"about":[{"href":"https:\/\/media-germany.com\/fr\/wp-json\/wp\/v2\/types\/page"}],"author":[{"embeddable":true,"href":"https:\/\/media-germany.com\/fr\/wp-json\/wp\/v2\/users\/1"}],"replies":[{"embeddable":true,"href":"https:\/\/media-germany.com\/fr\/wp-json\/wp\/v2\/comments?post=3634"}],"version-history":[{"count":43,"href":"https:\/\/media-germany.com\/fr\/wp-json\/wp\/v2\/pages\/3634\/revisions"}],"predecessor-version":[{"id":4573,"href":"https:\/\/media-germany.com\/fr\/wp-json\/wp\/v2\/pages\/3634\/revisions\/4573"}],"wp:attachment":[{"href":"https:\/\/media-germany.com\/fr\/wp-json\/wp\/v2\/media?parent=3634"}],"curies":[{"name":"wp","href":"https:\/\/api.w.org\/{rel}","templated":true}]}}